{"id":12515,"date":"2021-06-08T12:21:48","date_gmt":"2021-06-08T10:21:48","guid":{"rendered":"https:\/\/proxeed.ch\/?page_id=12515"},"modified":"2021-06-08T12:22:11","modified_gmt":"2021-06-08T10:22:11","slug":"information-specialisee-login","status":"publish","type":"page","link":"https:\/\/proxeed.ch\/fr\/information-specialisee-login\/","title":{"rendered":"Information sp\u00e9cialis\u00e9e Login"},"content":{"rendered":"<div id='layer_slider_1'  class='avia-layerslider main_color avia-shadow  avia-builder-el-0  el_before_av_one_full  avia-builder-el-first  container_wrap fullsize'  style='height: 501px; max-width: 1280px; margin: 0 auto;'  ><\/div><div id='after_layer_slider_1'  class='main_color av_default_container_wrap container_wrap fullsize'  ><div class='container av-section-cont-open' ><div class='template-page content  av-content-full alpha units'><div class='post-entry post-entry-type-page post-entry-12515'><div class='entry-content-wrapper clearfix'>\n\n<style type=\"text\/css\" data-created_by=\"avia_inline_auto\" id=\"style-css-av-1xs2i7r-85d79f7e4c1ad810685f6a3a15147227\">\n.flex_column.av-1xs2i7r-85d79f7e4c1ad810685f6a3a15147227{\nborder-radius:0px 0px 0px 0px;\npadding:0px 0px 0px 0px;\n}\n<\/style>\n<div  class='flex_column av-1xs2i7r-85d79f7e4c1ad810685f6a3a15147227 av_one_full  avia-builder-el-1  el_after_av_layerslider  el_before_av_one_third  avia-builder-el-first  first flex_column_div av-zero-column-padding  '     ><p>\n<style type=\"text\/css\" data-created_by=\"avia_inline_auto\" id=\"style-css-av-knu1o4jp-bc653f0c139668ec443c0a06b4c6979a\">\n#top .av-special-heading.av-knu1o4jp-bc653f0c139668ec443c0a06b4c6979a{\npadding-bottom:10px;\n}\nbody .av-special-heading.av-knu1o4jp-bc653f0c139668ec443c0a06b4c6979a .av-special-heading-tag .heading-char{\nfont-size:25px;\n}\n.av-special-heading.av-knu1o4jp-bc653f0c139668ec443c0a06b4c6979a .av-subheading{\nfont-size:15px;\n}\n<\/style>\n<div  class='av-special-heading av-knu1o4jp-bc653f0c139668ec443c0a06b4c6979a av-special-heading-h1  avia-builder-el-2  el_before_av_textblock  avia-builder-el-first '><h1 class='av-special-heading-tag '  itemprop=\"headline\"  >Information sp\u00e9cialis\u00e9e Login<\/h1><div class=\"special-heading-border\"><div class=\"special-heading-inner-border\"><\/div><\/div><\/div><br \/>\n<section  class='av_textblock_section av-knu1pfpj-ca7e7a94d796ca9aa06419a36eeb3df9 '   itemscope=\"itemscope\" itemtype=\"https:\/\/schema.org\/CreativeWork\" ><div class='avia_textblock'  itemprop=\"text\" ><p>Dans notre espace sp\u00e9cialis\u00e9, vous avez la possibilit\u00e9 d&#8217;obtenir de plus amples informations sur Proxeed. Outre les informations sp\u00e9cialis\u00e9es, nous proposons \u00e9galement des brochures sur les produits et du mat\u00e9riel d&#8217;information pour vos patients.<\/p>\n<p>Vous pouvez vous connecter facilement avec votre identifiant Swiss RX, sans avoir besoin d&#8217;autres identifiants. Notre domaine de sp\u00e9cialisation s&#8217;\u00e9largit constamment pour vous apporter un soutien suppl\u00e9mentaire.<\/p>\n<p>Si vous avez d&#8217;autres questions, vous pouvez nous contacter par t\u00e9l\u00e9phone ou par e-mail.<\/p>\n<\/div><\/section><\/p><\/div>\n\n<style type=\"text\/css\" data-created_by=\"avia_inline_auto\" id=\"style-css-av-1ix4j6f-ec45c2c4dac6bb67c70157cefceaae4a\">\n.flex_column.av-1ix4j6f-ec45c2c4dac6bb67c70157cefceaae4a{\nborder-radius:0px 0px 0px 0px;\npadding:0px 0px 0px 0px;\n}\n<\/style>\n<div  class='flex_column av-1ix4j6f-ec45c2c4dac6bb67c70157cefceaae4a av_one_third  avia-builder-el-4  el_after_av_one_full  el_before_av_two_third  first flex_column_div av-zero-column-padding  column-top-margin'     ><div  class='avia-builder-widget-area clearfix  avia-builder-el-5  avia-builder-el-no-sibling '><div id=\"mo_oauth_widget-2\" class=\"widget clearfix widget_mo_oauth_widget\">\t<script type=\"text\/javascript\">\n\n\t\tfunction HandlePopupResult(result) {\n\t\t\twindow.location.href = result;\n\t\t}\n\n\t\tfunction moOAuthLogin(app_name) {\n\t\t\twindow.location.href = 'https:\/\/proxeed.ch' + '\/?option=generateDynmicUrl&app_name=' + app_name;\n\t\t}\n\t\tfunction moOAuthLoginNew(app_name) {\n\t\t\twindow.location.href = 'https:\/\/proxeed.ch' + '\/?option=oauthredirect&app_name=' + app_name;\n\t\t}\n\t<\/script>\n\t<style>.oauthloginbutton{background: #7272dc;height:40px;padding:8px;text-align:center;color:#fff;}<\/style><a style=\"text-decoration:none\" href=\"javascript:void(0)\" onClick=\"moOAuthLoginNew('swiss rx login');\"><div class=\"mo_oauth_login_button_widget\"><i class=\"fa fa-lock mo_oauth_login_button_icon_widget\"><\/i><h3 class=\"mo_oauth_login_button_text_widget\">Login with Swiss Rx Login<\/h3><\/div><\/a><\/div><\/div><\/div>\n<style type=\"text\/css\" data-created_by=\"avia_inline_auto\" id=\"style-css-av-l8tp7b-2b39249821b5d02777c9e3c00d80299a\">\n.flex_column.av-l8tp7b-2b39249821b5d02777c9e3c00d80299a{\nborder-radius:0px 0px 0px 0px;\npadding:0px 0px 0px 0px;\n}\n<\/style>\n<div  class='flex_column av-l8tp7b-2b39249821b5d02777c9e3c00d80299a av_two_third  avia-builder-el-6  el_after_av_one_third  avia-builder-el-last  flex_column_div av-zero-column-padding  column-top-margin'     ><\/div><\/p>\n","protected":false},"excerpt":{"rendered":"","protected":false},"author":1,"featured_media":0,"parent":0,"menu_order":0,"comment_status":"closed","ping_status":"closed","template":"","meta":{"footnotes":""},"class_list":["post-12515","page","type-page","status-publish","hentry"],"yoast_head":"<!-- This site is optimized with the Yoast SEO plugin v25.1 - https:\/\/yoast.com\/wordpress\/plugins\/seo\/ -->\n<title>Information sp\u00e9cialis\u00e9e Login - Proxeed<\/title>\n<meta name=\"robots\" content=\"noindex, follow\" \/>\n<meta property=\"og:locale\" content=\"fr_FR\" \/>\n<meta property=\"og:type\" content=\"article\" \/>\n<meta property=\"og:title\" content=\"Information sp\u00e9cialis\u00e9e Login - Proxeed\" \/>\n<meta property=\"og:url\" content=\"https:\/\/proxeed.ch\/fachbereich-login\/\" \/>\n<meta property=\"og:site_name\" content=\"Proxeed\" \/>\n<meta property=\"article:modified_time\" content=\"2021-06-08T10:22:11+00:00\" \/>\n<meta name=\"twitter:card\" content=\"summary_large_image\" \/>\n<meta name=\"twitter:label1\" content=\"Dur\u00e9e de lecture estim\u00e9e\" \/>\n\t<meta name=\"twitter:data1\" content=\"3 minutes\" \/>\n<script type=\"application\/ld+json\" class=\"yoast-schema-graph\">{\"@context\":\"https:\/\/schema.org\",\"@graph\":[{\"@type\":\"WebPage\",\"@id\":\"https:\/\/proxeed.ch\/fachbereich-login\/\",\"url\":\"https:\/\/proxeed.ch\/fachbereich-login\/\",\"name\":\"Information sp\u00e9cialis\u00e9e Login - Proxeed\",\"isPartOf\":{\"@id\":\"https:\/\/proxeed.ch\/#website\"},\"datePublished\":\"2021-06-08T10:21:48+00:00\",\"dateModified\":\"2021-06-08T10:22:11+00:00\",\"breadcrumb\":{\"@id\":\"https:\/\/proxeed.ch\/fachbereich-login\/#breadcrumb\"},\"inLanguage\":\"fr-FR\",\"potentialAction\":[{\"@type\":\"ReadAction\",\"target\":[\"https:\/\/proxeed.ch\/fachbereich-login\/\"]}]},{\"@type\":\"BreadcrumbList\",\"@id\":\"https:\/\/proxeed.ch\/fachbereich-login\/#breadcrumb\",\"itemListElement\":[{\"@type\":\"ListItem\",\"position\":1,\"name\":\"Startseite\",\"item\":\"https:\/\/proxeed.ch\/home\/\"},{\"@type\":\"ListItem\",\"position\":2,\"name\":\"Information sp\u00e9cialis\u00e9e Login\"}]},{\"@type\":\"WebSite\",\"@id\":\"https:\/\/proxeed.ch\/#website\",\"url\":\"https:\/\/proxeed.ch\/\",\"name\":\"Proxeed\",\"description\":\"\",\"potentialAction\":[{\"@type\":\"SearchAction\",\"target\":{\"@type\":\"EntryPoint\",\"urlTemplate\":\"https:\/\/proxeed.ch\/?s={search_term_string}\"},\"query-input\":{\"@type\":\"PropertyValueSpecification\",\"valueRequired\":true,\"valueName\":\"search_term_string\"}}],\"inLanguage\":\"fr-FR\"}]}<\/script>\n<!-- \/ Yoast SEO plugin. -->","yoast_head_json":{"title":"Information sp\u00e9cialis\u00e9e Login - Proxeed","robots":{"index":"noindex","follow":"follow"},"og_locale":"fr_FR","og_type":"article","og_title":"Information sp\u00e9cialis\u00e9e Login - Proxeed","og_url":"https:\/\/proxeed.ch\/fachbereich-login\/","og_site_name":"Proxeed","article_modified_time":"2021-06-08T10:22:11+00:00","twitter_card":"summary_large_image","twitter_misc":{"Dur\u00e9e de lecture estim\u00e9e":"3 minutes"},"schema":{"@context":"https:\/\/schema.org","@graph":[{"@type":"WebPage","@id":"https:\/\/proxeed.ch\/fachbereich-login\/","url":"https:\/\/proxeed.ch\/fachbereich-login\/","name":"Information sp\u00e9cialis\u00e9e Login - Proxeed","isPartOf":{"@id":"https:\/\/proxeed.ch\/#website"},"datePublished":"2021-06-08T10:21:48+00:00","dateModified":"2021-06-08T10:22:11+00:00","breadcrumb":{"@id":"https:\/\/proxeed.ch\/fachbereich-login\/#breadcrumb"},"inLanguage":"fr-FR","potentialAction":[{"@type":"ReadAction","target":["https:\/\/proxeed.ch\/fachbereich-login\/"]}]},{"@type":"BreadcrumbList","@id":"https:\/\/proxeed.ch\/fachbereich-login\/#breadcrumb","itemListElement":[{"@type":"ListItem","position":1,"name":"Startseite","item":"https:\/\/proxeed.ch\/home\/"},{"@type":"ListItem","position":2,"name":"Information sp\u00e9cialis\u00e9e Login"}]},{"@type":"WebSite","@id":"https:\/\/proxeed.ch\/#website","url":"https:\/\/proxeed.ch\/","name":"Proxeed","description":"","potentialAction":[{"@type":"SearchAction","target":{"@type":"EntryPoint","urlTemplate":"https:\/\/proxeed.ch\/?s={search_term_string}"},"query-input":{"@type":"PropertyValueSpecification","valueRequired":true,"valueName":"search_term_string"}}],"inLanguage":"fr-FR"}]}},"_links":{"self":[{"href":"https:\/\/proxeed.ch\/fr\/wp-json\/wp\/v2\/pages\/12515","targetHints":{"allow":["GET"]}}],"collection":[{"href":"https:\/\/proxeed.ch\/fr\/wp-json\/wp\/v2\/pages"}],"about":[{"href":"https:\/\/proxeed.ch\/fr\/wp-json\/wp\/v2\/types\/page"}],"author":[{"embeddable":true,"href":"https:\/\/proxeed.ch\/fr\/wp-json\/wp\/v2\/users\/1"}],"replies":[{"embeddable":true,"href":"https:\/\/proxeed.ch\/fr\/wp-json\/wp\/v2\/comments?post=12515"}],"version-history":[{"count":0,"href":"https:\/\/proxeed.ch\/fr\/wp-json\/wp\/v2\/pages\/12515\/revisions"}],"wp:attachment":[{"href":"https:\/\/proxeed.ch\/fr\/wp-json\/wp\/v2\/media?parent=12515"}],"curies":[{"name":"wp","href":"https:\/\/api.w.org\/{rel}","templated":true}]}}