{"id":35122,"date":"2025-02-13T16:44:15","date_gmt":"2025-02-13T15:44:15","guid":{"rendered":"https:\/\/dev.proxeed-info.ch\/your-story\/"},"modified":"2025-02-26T14:22:23","modified_gmt":"2025-02-26T13:22:23","slug":"your-story","status":"publish","type":"page","link":"https:\/\/proxeed.ch\/fr\/your-story\/","title":{"rendered":"Your Story"},"content":{"rendered":"<div id='layer_slider_1'  class='avia-layerslider main_color avia-shadow  avia-builder-el-0  el_before_av_one_full  avia-builder-el-first  container_wrap fullsize'  style='height: 501px; max-width: 1280px; margin: 0 auto;'  ><\/div><div id='after_layer_slider_1'  class='main_color av_default_container_wrap container_wrap fullsize'  ><div class='container av-section-cont-open' ><div class='template-page content  av-content-full alpha units'><div class='post-entry post-entry-type-page post-entry-35122'><div class='entry-content-wrapper clearfix'>\n\n<style type=\"text\/css\" data-created_by=\"avia_inline_auto\" id=\"style-css-av-39x7tfv-4d77c113f0f40078d8662765280c6476\">\n.flex_column.av-39x7tfv-4d77c113f0f40078d8662765280c6476{\nborder-radius:0px 0px 0px 0px;\npadding:0px 0px 0px 0px;\n}\n<\/style>\n<div  class='flex_column av-39x7tfv-4d77c113f0f40078d8662765280c6476 av_one_full  avia-builder-el-1  el_after_av_layerslider  el_before_av_layout_row  avia-builder-el-no-sibling  first flex_column_div av-zero-column-padding  '     ><p>\n<style type=\"text\/css\" data-created_by=\"avia_inline_auto\" id=\"style-css-av-m4a5r1i7-d9294660ec3c7db86a3c5bf5e78026d0\">\n#top .av-special-heading.av-m4a5r1i7-d9294660ec3c7db86a3c5bf5e78026d0{\npadding-bottom:10px;\n}\nbody .av-special-heading.av-m4a5r1i7-d9294660ec3c7db86a3c5bf5e78026d0 .av-special-heading-tag .heading-char{\nfont-size:25px;\n}\n.av-special-heading.av-m4a5r1i7-d9294660ec3c7db86a3c5bf5e78026d0 .av-subheading{\nfont-size:15px;\n}\n<\/style>\n<div  class='av-special-heading av-m4a5r1i7-d9294660ec3c7db86a3c5bf5e78026d0 av-special-heading-h1 blockquote modern-quote modern-centered  avia-builder-el-2  el_before_av_textblock  avia-builder-el-first  av-linked-heading'><h1 class='av-special-heading-tag '  itemprop=\"headline\"  >Partagez votre histoire<\/h1><div class=\"special-heading-border\"><div class=\"special-heading-inner-border\"><\/div><\/div><\/div><br \/>\n\n<style type=\"text\/css\" data-created_by=\"avia_inline_auto\" id=\"style-css-av-m4a5ren2-99f3189dc180788e327a227974206e86\">\n#top .av_textblock_section.av-m4a5ren2-99f3189dc180788e327a227974206e86 .avia_textblock{\ntext-align:center;\n}\n<\/style>\n<section  class='av_textblock_section av-m4a5ren2-99f3189dc180788e327a227974206e86 '   itemscope=\"itemscope\" itemtype=\"https:\/\/schema.org\/CreativeWork\" ><div class='avia_textblock larger'  itemprop=\"text\" ><p>Le d\u00e9sir d&#8217;avoir un enfant peut \u00eatre marqu\u00e9 par la joie et la gratitude,<br \/>\nmais aussi souvent par la tristesse et la d\u00e9ception.<\/p>\n<p>Proxeed vous invite \u00e0 partager vos exp\u00e9riences pour encourager les autres.<br \/>\nPeu importe si vous avez travers\u00e9 des moments difficiles ou si vous avez v\u00e9cu principalement des moments joyeux : votre histoire peut aider les autres.<\/p>\n<\/div><\/section><\/p><\/div>\n<\/div><\/div><\/div><!-- close content main div --><\/div><\/div><div id='av-layout-grid-1'  class='av-layout-grid-container av-m4a61aey-134233836014083d800479ca98ef4eb7 entry-content-wrapper main_color av-flex-cells  avia-builder-el-4  el_after_av_one_full  el_before_av_layout_row  story grid-row-not-first  container_wrap fullsize'  >\n\n<style type=\"text\/css\" data-created_by=\"avia_inline_auto\" id=\"style-css-av-m4a5xrjp-bcc545b46a16b6aa383b23578717838a\">\n.flex_cell.av-m4a5xrjp-bcc545b46a16b6aa383b23578717838a{\nvertical-align:top;\nheight:450px;\nmin-height:450px;\nbackground:url(https:\/\/proxeed.ch\/wp-content\/uploads\/2024\/12\/proxeed-your-story-herze-1030x648.webp) 50% 50% no-repeat scroll #add8e5;\n}\n<\/style>\n<div class='flex_cell av-m4a5xrjp-bcc545b46a16b6aa383b23578717838a av-gridrow-cell av_one_half no_margin  avia-builder-el-5  el_before_av_cell_one_half  avia-builder-el-first  content-align-top'  ><div class='flex_cell_inner'><\/div><\/div>\n<style type=\"text\/css\" data-created_by=\"avia_inline_auto\" id=\"style-css-av-m4a5yjzt-54a5c1113fb69960d22828c2c08a91d2\">\n.flex_cell.av-m4a5yjzt-54a5c1113fb69960d22828c2c08a91d2{\nvertical-align:middle;\nheight:450px;\nmin-height:450px;\nbackground-color:#afd9e8;\n}\n<\/style>\n<div class='flex_cell av-m4a5yjzt-54a5c1113fb69960d22828c2c08a91d2 av-gridrow-cell av_one_half no_margin  avia-builder-el-6  el_after_av_cell_one_half  avia-builder-el-last  content-align-middle avia-full-stretch'  ><div class='flex_cell_inner'><section  class='av_textblock_section av-m4a5z52s-f85ed2116a806caae7075019648aca9a '   itemscope=\"itemscope\" itemtype=\"https:\/\/schema.org\/CreativeWork\" ><div class='avia_textblock larger'  itemprop=\"text\" ><h3>Chaque exp\u00e9rience compte<\/h3>\n<p>Espoir, courage ou simplement le sentiment de ne pas \u00eatre seul \u2013 vos exp\u00e9riences sont un soutien pr\u00e9cieux pour les couples qui se trouvent dans une situation similaire. \u00abYour Story\u00bb accueille les succ\u00e8s, les revers, la joie et la tristesse. Chaque histoire m\u00e9rite d&#8217;\u00eatre entendue.<\/p>\n<\/div><\/section>\n<\/div><\/div>\n<\/div>\n<div id='av-layout-grid-2'  class='av-layout-grid-container av-2vu4xij-60cd927384ae541261e22af8407fc40c entry-content-wrapper main_color av-flex-cells  avia-builder-el-8  el_after_av_layout_row  el_before_av_layout_row  story grid-row-not-first  container_wrap fullsize'  >\n\n<style type=\"text\/css\" data-created_by=\"avia_inline_auto\" id=\"style-css-av-m4a65dqz-1d7feae55e50f5bf7918296fe2a4d2dc\">\n.flex_cell.av-m4a65dqz-1d7feae55e50f5bf7918296fe2a4d2dc{\nvertical-align:top;\nheight:450px;\nmin-height:450px;\nbackground:url(https:\/\/proxeed.ch\/wp-content\/uploads\/2024\/12\/proxeed-your-story-haende-1030x688.webp) 50% 50% no-repeat scroll #95b3c9;\n}\n<\/style>\n<div class='flex_cell av-m4a65dqz-1d7feae55e50f5bf7918296fe2a4d2dc av-gridrow-cell av_one_half no_margin  avia-builder-el-9  el_before_av_cell_one_half  avia-builder-el-first  content-align-top'  ><div class='flex_cell_inner'><\/div><\/div>\n<style type=\"text\/css\" data-created_by=\"avia_inline_auto\" id=\"style-css-av-m4a67ao6-1823ac307d60c8744b31964a58006f45\">\n.flex_cell.av-m4a67ao6-1823ac307d60c8744b31964a58006f45{\nvertical-align:middle;\nheight:450px;\nmin-height:450px;\nbackground-color:#95b3c9;\n}\n<\/style>\n<div class='flex_cell av-m4a67ao6-1823ac307d60c8744b31964a58006f45 av-gridrow-cell av_one_half no_margin  avia-builder-el-10  el_after_av_cell_one_half  avia-builder-el-last  content-align-middle avia-full-stretch'  ><div class='flex_cell_inner'><section  class='av_textblock_section av-m4a66286-dce1989c625f77a84c857a8a656ab580 '   itemscope=\"itemscope\" itemtype=\"https:\/\/schema.org\/CreativeWork\" ><div class='avia_textblock larger'  itemprop=\"text\" ><h3>Renforcer la communaut\u00e9<\/h3>\n<p>Avec \u00abYour Story\u00bb, nous souhaitons cr\u00e9er une communaut\u00e9 de personnes partageant les m\u00eames aspirations, qui s&#8217;entraident sur le chemin du d\u00e9sir d&#8217;enfant. Que vous soyez d\u00e9j\u00e0 parents ou que vous aspiriez \u00e0 le devenir, racontez-nous votre histoire et partagez-la avec les autres.<\/p>\n<p>En guise de remerciement pour le partage de votre histoire, nous vous offrons une petite surprise.<\/p>\n<\/div><\/section>\n<\/div><\/div>\n<\/div>\n<div id='av-layout-grid-3'  class='av-layout-grid-container av-2keo9cb-164d659a4e4209c23d60c5ee44a2c8ea entry-content-wrapper main_color av-flex-cells  avia-builder-el-12  el_after_av_layout_row  el_before_av_one_full  story grid-row-not-first  container_wrap fullsize'  >\n\n<style type=\"text\/css\" data-created_by=\"avia_inline_auto\" id=\"style-css-av-m4a68cfd-f6977148d425b38749f26f705fd57723\">\n.flex_cell.av-m4a68cfd-f6977148d425b38749f26f705fd57723{\nvertical-align:top;\nheight:450px;\nmin-height:450px;\nbackground:url(https:\/\/proxeed.ch\/wp-content\/uploads\/2024\/12\/proxeed-your-story-paar-1030x688.webp) 50% 0% no-repeat scroll #f0b0bb;\n}\n<\/style>\n<div class='flex_cell av-m4a68cfd-f6977148d425b38749f26f705fd57723 av-gridrow-cell av_one_half no_margin  avia-builder-el-13  el_before_av_cell_one_half  avia-builder-el-first  content-align-top'  ><div class='flex_cell_inner'><\/div><\/div>\n<style type=\"text\/css\" data-created_by=\"avia_inline_auto\" id=\"style-css-av-29l8mjv-1742c49e9fd36174075df927e7221874\">\n.flex_cell.av-29l8mjv-1742c49e9fd36174075df927e7221874{\nvertical-align:middle;\nheight:450px;\nmin-height:450px;\nbackground-color:#f0b0bb;\n}\n<\/style>\n<div class='flex_cell av-29l8mjv-1742c49e9fd36174075df927e7221874 av-gridrow-cell av_one_half no_margin  avia-builder-el-14  el_after_av_cell_one_half  avia-builder-el-last  content-align-middle avia-full-stretch'  ><div class='flex_cell_inner'><section  class='av_textblock_section av-m4a68qe4-774d57af5b1c7076fe42b7099e5eecb0 '   itemscope=\"itemscope\" itemtype=\"https:\/\/schema.org\/CreativeWork\" ><div class='avia_textblock larger'  itemprop=\"text\" ><div class=\"multicolumn-card\">\n<div class=\"multicolumn-card__info\">\n<h3 class=\"multicolumn-card__title h2\">Voici comment partager votre histoire:<\/h3>\n<div class=\"rte typeset\">\n<p>1. Remplir le formulaire de contact<\/p>\n<p>2. Ins\u00e9rer votre histoire dans le champ de commentaire<\/p>\n<p>3. Cliquer sur \u00ab Envoyer le message \u00bb<\/p>\n<p>4. Nous vous informerons lorsque nous partagerons l&#8217;histoire sur notre blog.<\/p>\n<\/div>\n<\/div>\n<\/div>\n<\/div><\/section>\n<\/div><\/div>\n<\/div><div id='after_grid_row_3'  class='main_color av_default_container_wrap container_wrap fullsize'  ><div class='container av-section-cont-open' ><div class='template-page content  av-content-full alpha units'><div class='post-entry post-entry-type-page post-entry-35122'><div class='entry-content-wrapper clearfix'>\n\n<style type=\"text\/css\" data-created_by=\"avia_inline_auto\" id=\"style-css-av-1n9b0ej-e1fd3c991d219378e6ab988cc748264a\">\n.flex_column.av-1n9b0ej-e1fd3c991d219378e6ab988cc748264a{\nborder-radius:0px 0px 0px 0px;\npadding:0px 0px 0px 0px;\n}\n<\/style>\n<div  class='flex_column av-1n9b0ej-e1fd3c991d219378e6ab988cc748264a av_one_full  avia-builder-el-16  el_after_av_layout_row  el_before_av_one_full  avia-builder-el-first  women first flex_column_div av-zero-column-padding  '     ><p>\n<style type=\"text\/css\" data-created_by=\"avia_inline_auto\" id=\"style-css-av-m4a691hi-1d6d8e36ac61fb0fa682b1a59c4cfd02\">\n#top .av-special-heading.av-m4a691hi-1d6d8e36ac61fb0fa682b1a59c4cfd02{\npadding-bottom:10px;\n}\nbody .av-special-heading.av-m4a691hi-1d6d8e36ac61fb0fa682b1a59c4cfd02 .av-special-heading-tag .heading-char{\nfont-size:25px;\n}\n.av-special-heading.av-m4a691hi-1d6d8e36ac61fb0fa682b1a59c4cfd02 .av-subheading{\nfont-size:15px;\n}\n<\/style>\n<div  class='av-special-heading av-m4a691hi-1d6d8e36ac61fb0fa682b1a59c4cfd02 av-special-heading-h3 blockquote modern-quote modern-centered  avia-builder-el-17  el_before_av_textblock  avia-builder-el-first  av-linked-heading'><h3 class='av-special-heading-tag '  itemprop=\"headline\"  >Votre vie priv\u00e9e est importante pour nous<\/h3><div class=\"special-heading-border\"><div class=\"special-heading-inner-border\"><\/div><\/div><\/div><br \/>\n\n<style type=\"text\/css\" data-created_by=\"avia_inline_auto\" id=\"style-css-av-167ao8b-0bf846a1937109c86defa9ec04d45eec\">\n#top .av_textblock_section.av-167ao8b-0bf846a1937109c86defa9ec04d45eec .avia_textblock{\ntext-align:center;\n}\n<\/style>\n<section  class='av_textblock_section av-167ao8b-0bf846a1937109c86defa9ec04d45eec '   itemscope=\"itemscope\" itemtype=\"https:\/\/schema.org\/CreativeWork\" ><div class='avia_textblock larger'  itemprop=\"text\" ><p>Le d\u00e9sir d&#8217;avoir un enfant peut \u00eatre marqu\u00e9 par la joie et la gratitude,<br \/>\nmais aussi souvent par la tristesse et la d\u00e9ception.<\/p>\n<p>Proxeed vous invite \u00e0 partager vos exp\u00e9riences pour encourager les autres.<br \/>\nPeu importe si vous avez travers\u00e9 des moments difficiles ou si vous avez v\u00e9cu principalement des moments joyeux : votre histoire peut aider les autres.<\/p>\n<\/div><\/section><\/p><\/div>\n\n<style type=\"text\/css\" data-created_by=\"avia_inline_auto\" id=\"style-css-av-lt526j-b98d39e7b435f593bd14299812574ed5\">\n.flex_column.av-lt526j-b98d39e7b435f593bd14299812574ed5{\nborder-radius:0px 0px 0px 0px;\npadding:0px 0px 0px 0px;\n}\n<\/style>\n<div  class='flex_column av-lt526j-b98d39e7b435f593bd14299812574ed5 av_one_full  avia-builder-el-19  el_after_av_one_full  avia-builder-el-last  women first flex_column_div av-zero-column-padding  column-top-margin'     ><p>\n<style type=\"text\/css\" data-created_by=\"avia_inline_auto\" id=\"style-css-av-m4a6am0t-5a834433c8306b39c595ab65b9789a71\">\n#top .av-special-heading.av-m4a6am0t-5a834433c8306b39c595ab65b9789a71{\npadding-bottom:10px;\n}\nbody .av-special-heading.av-m4a6am0t-5a834433c8306b39c595ab65b9789a71 .av-special-heading-tag .heading-char{\nfont-size:25px;\n}\n.av-special-heading.av-m4a6am0t-5a834433c8306b39c595ab65b9789a71 .av-subheading{\nfont-size:15px;\n}\n<\/style>\n<div  class='av-special-heading av-m4a6am0t-5a834433c8306b39c595ab65b9789a71 av-special-heading-h3 blockquote modern-quote modern-centered  avia-builder-el-20  el_before_av_textblock  avia-builder-el-first  av-linked-heading'><h3 class='av-special-heading-tag '  itemprop=\"headline\"  >Nous sommes l\u00e0 pour vous \u00e9couter. Nous sommes impatients de conna\u00eetre votre histoire !<\/h3><div class=\"special-heading-border\"><div class=\"special-heading-inner-border\"><\/div><\/div><\/div><br \/>\n<section  class='av_textblock_section av-m4b6b5id-e6090ac27a9e0473eeb5ff6303c3e0fe '   itemscope=\"itemscope\" itemtype=\"https:\/\/schema.org\/CreativeWork\" ><div class='avia_textblock'  itemprop=\"text\" >\n<div class=\"wpcf7 no-js\" id=\"wpcf7-f35400-o1\" lang=\"de-CH\" dir=\"ltr\" data-wpcf7-id=\"35400\">\n<div class=\"screen-reader-response\"><p role=\"status\" aria-live=\"polite\" aria-atomic=\"true\"><\/p> <ul><\/ul><\/div>\n<form action=\"\/fr\/wp-json\/wp\/v2\/pages\/35122#wpcf7-f35400-o1\" method=\"post\" class=\"wpcf7-form init\" aria-label=\"Contact form\" novalidate=\"novalidate\" data-status=\"init\">\n<div style=\"display: none;\">\n<input type=\"hidden\" name=\"_wpcf7\" value=\"35400\" \/>\n<input type=\"hidden\" name=\"_wpcf7_version\" value=\"6.0.6\" \/>\n<input type=\"hidden\" name=\"_wpcf7_locale\" value=\"de_CH\" \/>\n<input type=\"hidden\" name=\"_wpcf7_unit_tag\" value=\"wpcf7-f35400-o1\" \/>\n<input type=\"hidden\" name=\"_wpcf7_container_post\" value=\"0\" \/>\n<input type=\"hidden\" name=\"_wpcf7_posted_data_hash\" value=\"\" \/>\n<\/div>\n<div class=\"cf7-two-columns\">\n\t<div class=\"cf7-column\">\n\t\t<p><label> Nom<br \/>\n<span class=\"wpcf7-form-control-wrap\" data-name=\"Nom\"><input size=\"40\" maxlength=\"400\" class=\"wpcf7-form-control wpcf7-text wpcf7-validates-as-required\" autocomplete=\"name\" aria-required=\"true\" aria-invalid=\"false\" value=\"\" type=\"text\" name=\"Nom\" \/><\/span><\/label>\n\t\t<\/p>\n\t<\/div>\n\t<div class=\"cf7-column\">\n\t\t<p><label> E-mail<br \/>\n<span class=\"wpcf7-form-control-wrap\" data-name=\"email\"><input size=\"40\" maxlength=\"400\" class=\"wpcf7-form-control wpcf7-email wpcf7-validates-as-required wpcf7-text wpcf7-validates-as-email\" autocomplete=\"email\" aria-required=\"true\" aria-invalid=\"false\" value=\"\" type=\"email\" name=\"email\" \/><\/span> <\/label>\n\t\t<\/p>\n\t<\/div>\n<\/div>\n<p><label> Message<br \/>\n<span class=\"wpcf7-form-control-wrap\" data-name=\"message\"><textarea cols=\"40\" rows=\"10\" maxlength=\"2000\" class=\"wpcf7-form-control wpcf7-textarea wpcf7-validates-as-required\" aria-required=\"true\" aria-invalid=\"false\" name=\"message\"><\/textarea><\/span> <\/label>\n<\/p>\n<p><span class=\"wpcf7-form-control-wrap\" data-name=\"acceptance-275\"><span class=\"wpcf7-form-control wpcf7-acceptance\"><span class=\"wpcf7-list-item\"><label><input type=\"checkbox\" name=\"acceptance-275\" value=\"1\" aria-invalid=\"false\" \/><span class=\"wpcf7-list-item-label\">Les conditions g\u00e9n\u00e9rales et la politique de confidentialit\u00e9 s'appliquent<\/span><\/label><\/span><\/span><\/span>\n<\/p>\n<p><input class=\"wpcf7-form-control wpcf7-submit has-spinner\" type=\"submit\" value=\"Envoyer le message\" \/>\n<\/p><div class=\"wpcf7-response-output\" aria-hidden=\"true\"><\/div>\n<\/form>\n<\/div>\n\n<\/div><\/section><\/p><\/div>\n","protected":false},"excerpt":{"rendered":"","protected":false},"author":1,"featured_media":0,"parent":0,"menu_order":0,"comment_status":"closed","ping_status":"closed","template":"","meta":{"footnotes":""},"class_list":["post-35122","page","type-page","status-publish","hentry"],"yoast_head":"<!-- This site is optimized with the Yoast SEO plugin v25.1 - https:\/\/yoast.com\/wordpress\/plugins\/seo\/ -->\n<title>Your Story - Proxeed<\/title>\n<meta name=\"robots\" content=\"index, follow, max-snippet:-1, max-image-preview:large, max-video-preview:-1\" \/>\n<meta property=\"og:locale\" content=\"fr_FR\" \/>\n<meta property=\"og:type\" content=\"article\" \/>\n<meta property=\"og:title\" content=\"Your Story - Proxeed\" \/>\n<meta property=\"og:url\" content=\"https:\/\/proxeed.ch\/your-story\/\" \/>\n<meta property=\"og:site_name\" content=\"Proxeed\" \/>\n<meta property=\"article:modified_time\" content=\"2025-02-26T13:22:23+00:00\" \/>\n<meta name=\"twitter:card\" content=\"summary_large_image\" \/>\n<meta name=\"twitter:label1\" content=\"Dur\u00e9e de lecture estim\u00e9e\" \/>\n\t<meta name=\"twitter:data1\" content=\"2 minutes\" \/>\n<script type=\"application\/ld+json\" class=\"yoast-schema-graph\">{\"@context\":\"https:\/\/schema.org\",\"@graph\":[{\"@type\":\"WebPage\",\"@id\":\"https:\/\/proxeed.ch\/your-story\/\",\"url\":\"https:\/\/proxeed.ch\/your-story\/\",\"name\":\"Your Story - Proxeed\",\"isPartOf\":{\"@id\":\"https:\/\/proxeed.ch\/#website\"},\"datePublished\":\"2025-02-13T15:44:15+00:00\",\"dateModified\":\"2025-02-26T13:22:23+00:00\",\"breadcrumb\":{\"@id\":\"https:\/\/proxeed.ch\/your-story\/#breadcrumb\"},\"inLanguage\":\"fr-FR\",\"potentialAction\":[{\"@type\":\"ReadAction\",\"target\":[\"https:\/\/proxeed.ch\/your-story\/\"]}]},{\"@type\":\"BreadcrumbList\",\"@id\":\"https:\/\/proxeed.ch\/your-story\/#breadcrumb\",\"itemListElement\":[{\"@type\":\"ListItem\",\"position\":1,\"name\":\"Startseite\",\"item\":\"https:\/\/proxeed.ch\/home\/\"},{\"@type\":\"ListItem\",\"position\":2,\"name\":\"Your Story\"}]},{\"@type\":\"WebSite\",\"@id\":\"https:\/\/proxeed.ch\/#website\",\"url\":\"https:\/\/proxeed.ch\/\",\"name\":\"Proxeed\",\"description\":\"\",\"potentialAction\":[{\"@type\":\"SearchAction\",\"target\":{\"@type\":\"EntryPoint\",\"urlTemplate\":\"https:\/\/proxeed.ch\/?s={search_term_string}\"},\"query-input\":{\"@type\":\"PropertyValueSpecification\",\"valueRequired\":true,\"valueName\":\"search_term_string\"}}],\"inLanguage\":\"fr-FR\"}]}<\/script>\n<!-- \/ Yoast SEO plugin. -->","yoast_head_json":{"title":"Your Story - Proxeed","robots":{"index":"index","follow":"follow","max-snippet":"max-snippet:-1","max-image-preview":"max-image-preview:large","max-video-preview":"max-video-preview:-1"},"og_locale":"fr_FR","og_type":"article","og_title":"Your Story - Proxeed","og_url":"https:\/\/proxeed.ch\/your-story\/","og_site_name":"Proxeed","article_modified_time":"2025-02-26T13:22:23+00:00","twitter_card":"summary_large_image","twitter_misc":{"Dur\u00e9e de lecture estim\u00e9e":"2 minutes"},"schema":{"@context":"https:\/\/schema.org","@graph":[{"@type":"WebPage","@id":"https:\/\/proxeed.ch\/your-story\/","url":"https:\/\/proxeed.ch\/your-story\/","name":"Your Story - Proxeed","isPartOf":{"@id":"https:\/\/proxeed.ch\/#website"},"datePublished":"2025-02-13T15:44:15+00:00","dateModified":"2025-02-26T13:22:23+00:00","breadcrumb":{"@id":"https:\/\/proxeed.ch\/your-story\/#breadcrumb"},"inLanguage":"fr-FR","potentialAction":[{"@type":"ReadAction","target":["https:\/\/proxeed.ch\/your-story\/"]}]},{"@type":"BreadcrumbList","@id":"https:\/\/proxeed.ch\/your-story\/#breadcrumb","itemListElement":[{"@type":"ListItem","position":1,"name":"Startseite","item":"https:\/\/proxeed.ch\/home\/"},{"@type":"ListItem","position":2,"name":"Your Story"}]},{"@type":"WebSite","@id":"https:\/\/proxeed.ch\/#website","url":"https:\/\/proxeed.ch\/","name":"Proxeed","description":"","potentialAction":[{"@type":"SearchAction","target":{"@type":"EntryPoint","urlTemplate":"https:\/\/proxeed.ch\/?s={search_term_string}"},"query-input":{"@type":"PropertyValueSpecification","valueRequired":true,"valueName":"search_term_string"}}],"inLanguage":"fr-FR"}]}},"_links":{"self":[{"href":"https:\/\/proxeed.ch\/fr\/wp-json\/wp\/v2\/pages\/35122","targetHints":{"allow":["GET"]}}],"collection":[{"href":"https:\/\/proxeed.ch\/fr\/wp-json\/wp\/v2\/pages"}],"about":[{"href":"https:\/\/proxeed.ch\/fr\/wp-json\/wp\/v2\/types\/page"}],"author":[{"embeddable":true,"href":"https:\/\/proxeed.ch\/fr\/wp-json\/wp\/v2\/users\/1"}],"replies":[{"embeddable":true,"href":"https:\/\/proxeed.ch\/fr\/wp-json\/wp\/v2\/comments?post=35122"}],"version-history":[{"count":0,"href":"https:\/\/proxeed.ch\/fr\/wp-json\/wp\/v2\/pages\/35122\/revisions"}],"wp:attachment":[{"href":"https:\/\/proxeed.ch\/fr\/wp-json\/wp\/v2\/media?parent=35122"}],"curies":[{"name":"wp","href":"https:\/\/api.w.org\/{rel}","templated":true}]}}