{"id":4859,"date":"2019-09-10T16:06:29","date_gmt":"2019-09-10T14:06:29","guid":{"rendered":"http:\/\/neu.proxeed.ch\/contact\/"},"modified":"2025-03-20T09:31:56","modified_gmt":"2025-03-20T08:31:56","slug":"contact","status":"publish","type":"page","link":"https:\/\/proxeed.ch\/fr\/contact\/","title":{"rendered":"Contact"},"content":{"rendered":"\n<style type=\"text\/css\" data-created_by=\"avia_inline_auto\" id=\"style-css-av-79xw6-46748632f72f9ad28920e0ae7d85f8d2\">\n.flex_column.av-79xw6-46748632f72f9ad28920e0ae7d85f8d2{\nborder-radius:0px 0px 0px 0px;\npadding:0px 0px 0px 0px;\n}\n<\/style>\n<div  class='flex_column av-79xw6-46748632f72f9ad28920e0ae7d85f8d2 av_one_full  avia-builder-el-0  avia-builder-el-no-sibling  first flex_column_div av-zero-column-padding  '     ><section  class='av_textblock_section av-jxcxdpo1-2b9aa481a2e8712730e2b2d0b0b73c2c '   itemscope=\"itemscope\" itemtype=\"https:\/\/schema.org\/CreativeWork\" ><div class='avia_textblock'  itemprop=\"text\" ><h1>Contact<\/h1>\n<p>Nous nous tenons \u00e0 votre disposition par e-mail ou t\u00e9l\u00e9phone pour toutes questions.<\/p>\n<p>Alfasigma Schweiz AG<br \/>\nLuzernerstrasse<br \/>\n4800 Zofingue<\/p>\n<p>T +41 62 746 05 05<br \/>\nT +41 62 746 05 15<\/p>\n<p>info.ch@alfasigma.com<\/p>\n<\/div><\/section><\/div>\n","protected":false},"excerpt":{"rendered":"","protected":false},"author":1,"featured_media":0,"parent":0,"menu_order":0,"comment_status":"closed","ping_status":"closed","template":"","meta":{"footnotes":""},"class_list":["post-4859","page","type-page","status-publish","hentry"],"yoast_head":"<!-- This site is optimized with the Yoast SEO plugin v25.1 - https:\/\/yoast.com\/wordpress\/plugins\/seo\/ -->\n<title>Contact - Proxeed<\/title>\n<meta name=\"robots\" content=\"index, follow, max-snippet:-1, max-image-preview:large, max-video-preview:-1\" \/>\n<meta property=\"og:locale\" content=\"fr_FR\" \/>\n<meta property=\"og:type\" content=\"article\" \/>\n<meta property=\"og:title\" content=\"Contact - Proxeed\" \/>\n<meta property=\"og:url\" content=\"https:\/\/proxeed.ch\/kontakt\/\" \/>\n<meta property=\"og:site_name\" content=\"Proxeed\" \/>\n<meta property=\"article:modified_time\" content=\"2025-03-20T08:31:56+00:00\" \/>\n<meta name=\"twitter:card\" content=\"summary_large_image\" \/>\n<meta name=\"twitter:label1\" content=\"Dur\u00e9e de lecture estim\u00e9e\" \/>\n\t<meta name=\"twitter:data1\" content=\"1 minute\" \/>\n<script type=\"application\/ld+json\" class=\"yoast-schema-graph\">{\"@context\":\"https:\/\/schema.org\",\"@graph\":[{\"@type\":\"WebPage\",\"@id\":\"https:\/\/proxeed.ch\/kontakt\/\",\"url\":\"https:\/\/proxeed.ch\/kontakt\/\",\"name\":\"Contact - Proxeed\",\"isPartOf\":{\"@id\":\"https:\/\/proxeed.ch\/#website\"},\"datePublished\":\"2019-09-10T14:06:29+00:00\",\"dateModified\":\"2025-03-20T08:31:56+00:00\",\"breadcrumb\":{\"@id\":\"https:\/\/proxeed.ch\/kontakt\/#breadcrumb\"},\"inLanguage\":\"fr-FR\",\"potentialAction\":[{\"@type\":\"ReadAction\",\"target\":[\"https:\/\/proxeed.ch\/kontakt\/\"]}]},{\"@type\":\"BreadcrumbList\",\"@id\":\"https:\/\/proxeed.ch\/kontakt\/#breadcrumb\",\"itemListElement\":[{\"@type\":\"ListItem\",\"position\":1,\"name\":\"Startseite\",\"item\":\"https:\/\/proxeed.ch\/home\/\"},{\"@type\":\"ListItem\",\"position\":2,\"name\":\"Contact\"}]},{\"@type\":\"WebSite\",\"@id\":\"https:\/\/proxeed.ch\/#website\",\"url\":\"https:\/\/proxeed.ch\/\",\"name\":\"Proxeed\",\"description\":\"\",\"potentialAction\":[{\"@type\":\"SearchAction\",\"target\":{\"@type\":\"EntryPoint\",\"urlTemplate\":\"https:\/\/proxeed.ch\/?s={search_term_string}\"},\"query-input\":{\"@type\":\"PropertyValueSpecification\",\"valueRequired\":true,\"valueName\":\"search_term_string\"}}],\"inLanguage\":\"fr-FR\"}]}<\/script>\n<!-- \/ Yoast SEO plugin. -->","yoast_head_json":{"title":"Contact - Proxeed","robots":{"index":"index","follow":"follow","max-snippet":"max-snippet:-1","max-image-preview":"max-image-preview:large","max-video-preview":"max-video-preview:-1"},"og_locale":"fr_FR","og_type":"article","og_title":"Contact - Proxeed","og_url":"https:\/\/proxeed.ch\/kontakt\/","og_site_name":"Proxeed","article_modified_time":"2025-03-20T08:31:56+00:00","twitter_card":"summary_large_image","twitter_misc":{"Dur\u00e9e de lecture estim\u00e9e":"1 minute"},"schema":{"@context":"https:\/\/schema.org","@graph":[{"@type":"WebPage","@id":"https:\/\/proxeed.ch\/kontakt\/","url":"https:\/\/proxeed.ch\/kontakt\/","name":"Contact - Proxeed","isPartOf":{"@id":"https:\/\/proxeed.ch\/#website"},"datePublished":"2019-09-10T14:06:29+00:00","dateModified":"2025-03-20T08:31:56+00:00","breadcrumb":{"@id":"https:\/\/proxeed.ch\/kontakt\/#breadcrumb"},"inLanguage":"fr-FR","potentialAction":[{"@type":"ReadAction","target":["https:\/\/proxeed.ch\/kontakt\/"]}]},{"@type":"BreadcrumbList","@id":"https:\/\/proxeed.ch\/kontakt\/#breadcrumb","itemListElement":[{"@type":"ListItem","position":1,"name":"Startseite","item":"https:\/\/proxeed.ch\/home\/"},{"@type":"ListItem","position":2,"name":"Contact"}]},{"@type":"WebSite","@id":"https:\/\/proxeed.ch\/#website","url":"https:\/\/proxeed.ch\/","name":"Proxeed","description":"","potentialAction":[{"@type":"SearchAction","target":{"@type":"EntryPoint","urlTemplate":"https:\/\/proxeed.ch\/?s={search_term_string}"},"query-input":{"@type":"PropertyValueSpecification","valueRequired":true,"valueName":"search_term_string"}}],"inLanguage":"fr-FR"}]}},"_links":{"self":[{"href":"https:\/\/proxeed.ch\/fr\/wp-json\/wp\/v2\/pages\/4859","targetHints":{"allow":["GET"]}}],"collection":[{"href":"https:\/\/proxeed.ch\/fr\/wp-json\/wp\/v2\/pages"}],"about":[{"href":"https:\/\/proxeed.ch\/fr\/wp-json\/wp\/v2\/types\/page"}],"author":[{"embeddable":true,"href":"https:\/\/proxeed.ch\/fr\/wp-json\/wp\/v2\/users\/1"}],"replies":[{"embeddable":true,"href":"https:\/\/proxeed.ch\/fr\/wp-json\/wp\/v2\/comments?post=4859"}],"version-history":[{"count":0,"href":"https:\/\/proxeed.ch\/fr\/wp-json\/wp\/v2\/pages\/4859\/revisions"}],"wp:attachment":[{"href":"https:\/\/proxeed.ch\/fr\/wp-json\/wp\/v2\/media?parent=4859"}],"curies":[{"name":"wp","href":"https:\/\/api.w.org\/{rel}","templated":true}]}}