{"id":4892,"date":"2019-09-10T16:06:44","date_gmt":"2019-09-10T14:06:44","guid":{"rendered":"http:\/\/neu.proxeed.ch\/calculateur-de-fertilite\/"},"modified":"2025-02-26T11:23:49","modified_gmt":"2025-02-26T10:23:49","slug":"calculateur-de-fertilite","status":"publish","type":"page","link":"https:\/\/proxeed.ch\/fr\/calculateur-de-fertilite\/","title":{"rendered":"Calculateur de fertilit\u00e9"},"content":{"rendered":"<div id='layer_slider_1'  class='avia-layerslider main_color avia-shadow  avia-builder-el-0  el_before_av_heading  avia-builder-el-first  container_wrap fullsize'  style='height: 501px; max-width: 1280px; margin: 0 auto;'  ><\/div><div id='after_layer_slider_1'  class='main_color av_default_container_wrap container_wrap fullsize'  ><div class='container av-section-cont-open' ><div class='template-page content  av-content-full alpha units'><div class='post-entry post-entry-type-page post-entry-4892'><div class='entry-content-wrapper clearfix'>\n\n<style type=\"text\/css\" data-created_by=\"avia_inline_auto\" id=\"style-css-av-m4iozmp4-4266d3e484839580306b06545e7a3efc\">\n#top .av-special-heading.av-m4iozmp4-4266d3e484839580306b06545e7a3efc{\npadding-bottom:10px;\n}\nbody .av-special-heading.av-m4iozmp4-4266d3e484839580306b06545e7a3efc .av-special-heading-tag .heading-char{\nfont-size:25px;\n}\n.av-special-heading.av-m4iozmp4-4266d3e484839580306b06545e7a3efc .av-subheading{\nfont-size:15px;\n}\n<\/style>\n<div  class='av-special-heading av-m4iozmp4-4266d3e484839580306b06545e7a3efc av-special-heading-h1 blockquote modern-quote modern-centered  avia-builder-el-1  el_after_av_layerslider  el_before_av_textblock  avia-builder-el-first '><h1 class='av-special-heading-tag '  itemprop=\"headline\"  >Calculateur de fertilit\u00e9<\/h1><div class=\"special-heading-border\"><div class=\"special-heading-inner-border\"><\/div><\/div><\/div>\n<section  class='av_textblock_section av-jx0ke2n1-a6786d5193e142528a4f8dea29e6d44f '   itemscope=\"itemscope\" itemtype=\"https:\/\/schema.org\/CreativeWork\" ><div class='avia_textblock women'  itemprop=\"text\" ><p>Devenir enfin parents! La survenue de la grossesse d\u00e9pend du moment exact de la f\u00e9condation car, pendant les jours qui encadrent la f\u00e9condation, la chance de conception est particuli\u00e8rement \u00e9lev\u00e9e. Le calculateur de fertilit\u00e9 affiche le moment auquel a lieu l&#8217;ovulation dans le cycle actuel.<\/p>\n<p><strong>Important:<\/strong> Les femmes ont toutes un cycle diff\u00e9rent. Le calculateur de fertilit\u00e9 ne pr\u00e9sente donc qu&#8217;une orientation approximative. Le calculateur n&#8217;est pas un moyen de contraception.<\/p>\n<h3>Voici comment fonctionne le calculateur de fertilit\u00e9<\/h3>\n<p>Le moment vraisemblable de l&#8217;ovulation et les jours les plus f\u00e9condables sont calcul\u00e9es \u00e0 partir des r\u00e8gles. \u00a0Inscrivez donc le premier jour de vos r\u00e8gles dans le calculateur de fertilit\u00e9. Indiquez aussi la dur\u00e9e moyenne du cycle \u2013 donc le nombre de jours entre le premier jour des r\u00e8gles et le premier jour des r\u00e8gles suivantes. Si votre cycle est tr\u00e8s irr\u00e9gulier, \u00e9tablissez une valeur moyenne sur trois cycles pass\u00e9s.<\/p>\n<p>Comme le cycle varie de plusieurs jours chez la plupart des femmes, le r\u00e9sultat du calculateur de fertilit\u00e9 ne peut \u00eatre qu&#8217;une valeur approximative.<\/p>\n<\/div><\/section>\n\n<style type=\"text\/css\" data-created_by=\"avia_inline_auto\" id=\"style-css-av-prav-6db28beff2ed8490657666f0f61a6708\">\n.flex_column.av-prav-6db28beff2ed8490657666f0f61a6708{\nborder-radius:0px 0px 0px 0px;\npadding:0px 0px 0px 0px;\n}\n<\/style>\n<div  class='flex_column av-prav-6db28beff2ed8490657666f0f61a6708 av_one_full  avia-builder-el-3  el_after_av_textblock  avia-builder-el-last  ovulation first flex_column_div av-zero-column-padding  column-top-margin'     ><\/div>\n","protected":false},"excerpt":{"rendered":"","protected":false},"author":1,"featured_media":0,"parent":0,"menu_order":0,"comment_status":"closed","ping_status":"closed","template":"","meta":{"footnotes":""},"class_list":["post-4892","page","type-page","status-publish","hentry"],"yoast_head":"<!-- This site is optimized with the Yoast SEO plugin v25.1 - https:\/\/yoast.com\/wordpress\/plugins\/seo\/ -->\n<title>Calculateur de fertilit\u00e9 - Proxeed<\/title>\n<meta name=\"description\" content=\"La f\u00e9condation de l&#039;ovule n&#039;est possible que pendant quelques jours du cycle. Le calculateur de fertilit\u00e9 vous permet de savoir quand sont vos jours de fertilit\u00e9.\" \/>\n<meta name=\"robots\" content=\"index, follow, max-snippet:-1, max-image-preview:large, max-video-preview:-1\" \/>\n<meta property=\"og:locale\" content=\"fr_FR\" \/>\n<meta property=\"og:type\" content=\"article\" \/>\n<meta property=\"og:title\" content=\"Calculateur de fertilit\u00e9 - Proxeed\" \/>\n<meta property=\"og:description\" content=\"La f\u00e9condation de l&#039;ovule n&#039;est possible que pendant quelques jours du cycle. Le calculateur de fertilit\u00e9 vous permet de savoir quand sont vos jours de fertilit\u00e9.\" \/>\n<meta property=\"og:url\" content=\"https:\/\/proxeed.ch\/fruchtbarkeitsrechner\/\" \/>\n<meta property=\"og:site_name\" content=\"Proxeed\" \/>\n<meta property=\"article:modified_time\" content=\"2025-02-26T10:23:49+00:00\" \/>\n<meta name=\"twitter:card\" content=\"summary_large_image\" \/>\n<meta name=\"twitter:label1\" content=\"Dur\u00e9e de lecture estim\u00e9e\" \/>\n\t<meta name=\"twitter:data1\" content=\"2 minutes\" \/>\n<script type=\"application\/ld+json\" class=\"yoast-schema-graph\">{\"@context\":\"https:\/\/schema.org\",\"@graph\":[{\"@type\":\"WebPage\",\"@id\":\"https:\/\/proxeed.ch\/fruchtbarkeitsrechner\/\",\"url\":\"https:\/\/proxeed.ch\/fruchtbarkeitsrechner\/\",\"name\":\"Calculateur de fertilit\u00e9 - Proxeed\",\"isPartOf\":{\"@id\":\"https:\/\/proxeed.ch\/#website\"},\"datePublished\":\"2019-09-10T14:06:44+00:00\",\"dateModified\":\"2025-02-26T10:23:49+00:00\",\"description\":\"La f\u00e9condation de l'ovule n'est possible que pendant quelques jours du cycle. Le calculateur de fertilit\u00e9 vous permet de savoir quand sont vos jours de fertilit\u00e9.\",\"breadcrumb\":{\"@id\":\"https:\/\/proxeed.ch\/fruchtbarkeitsrechner\/#breadcrumb\"},\"inLanguage\":\"fr-FR\",\"potentialAction\":[{\"@type\":\"ReadAction\",\"target\":[\"https:\/\/proxeed.ch\/fruchtbarkeitsrechner\/\"]}]},{\"@type\":\"BreadcrumbList\",\"@id\":\"https:\/\/proxeed.ch\/fruchtbarkeitsrechner\/#breadcrumb\",\"itemListElement\":[{\"@type\":\"ListItem\",\"position\":1,\"name\":\"Startseite\",\"item\":\"https:\/\/proxeed.ch\/home\/\"},{\"@type\":\"ListItem\",\"position\":2,\"name\":\"Calculateur de fertilit\u00e9\"}]},{\"@type\":\"WebSite\",\"@id\":\"https:\/\/proxeed.ch\/#website\",\"url\":\"https:\/\/proxeed.ch\/\",\"name\":\"Proxeed\",\"description\":\"\",\"potentialAction\":[{\"@type\":\"SearchAction\",\"target\":{\"@type\":\"EntryPoint\",\"urlTemplate\":\"https:\/\/proxeed.ch\/?s={search_term_string}\"},\"query-input\":{\"@type\":\"PropertyValueSpecification\",\"valueRequired\":true,\"valueName\":\"search_term_string\"}}],\"inLanguage\":\"fr-FR\"}]}<\/script>\n<!-- \/ Yoast SEO plugin. -->","yoast_head_json":{"title":"Calculateur de fertilit\u00e9 - Proxeed","description":"La f\u00e9condation de l'ovule n'est possible que pendant quelques jours du cycle. Le calculateur de fertilit\u00e9 vous permet de savoir quand sont vos jours de fertilit\u00e9.","robots":{"index":"index","follow":"follow","max-snippet":"max-snippet:-1","max-image-preview":"max-image-preview:large","max-video-preview":"max-video-preview:-1"},"og_locale":"fr_FR","og_type":"article","og_title":"Calculateur de fertilit\u00e9 - Proxeed","og_description":"La f\u00e9condation de l'ovule n'est possible que pendant quelques jours du cycle. Le calculateur de fertilit\u00e9 vous permet de savoir quand sont vos jours de fertilit\u00e9.","og_url":"https:\/\/proxeed.ch\/fruchtbarkeitsrechner\/","og_site_name":"Proxeed","article_modified_time":"2025-02-26T10:23:49+00:00","twitter_card":"summary_large_image","twitter_misc":{"Dur\u00e9e de lecture estim\u00e9e":"2 minutes"},"schema":{"@context":"https:\/\/schema.org","@graph":[{"@type":"WebPage","@id":"https:\/\/proxeed.ch\/fruchtbarkeitsrechner\/","url":"https:\/\/proxeed.ch\/fruchtbarkeitsrechner\/","name":"Calculateur de fertilit\u00e9 - Proxeed","isPartOf":{"@id":"https:\/\/proxeed.ch\/#website"},"datePublished":"2019-09-10T14:06:44+00:00","dateModified":"2025-02-26T10:23:49+00:00","description":"La f\u00e9condation de l'ovule n'est possible que pendant quelques jours du cycle. Le calculateur de fertilit\u00e9 vous permet de savoir quand sont vos jours de fertilit\u00e9.","breadcrumb":{"@id":"https:\/\/proxeed.ch\/fruchtbarkeitsrechner\/#breadcrumb"},"inLanguage":"fr-FR","potentialAction":[{"@type":"ReadAction","target":["https:\/\/proxeed.ch\/fruchtbarkeitsrechner\/"]}]},{"@type":"BreadcrumbList","@id":"https:\/\/proxeed.ch\/fruchtbarkeitsrechner\/#breadcrumb","itemListElement":[{"@type":"ListItem","position":1,"name":"Startseite","item":"https:\/\/proxeed.ch\/home\/"},{"@type":"ListItem","position":2,"name":"Calculateur de fertilit\u00e9"}]},{"@type":"WebSite","@id":"https:\/\/proxeed.ch\/#website","url":"https:\/\/proxeed.ch\/","name":"Proxeed","description":"","potentialAction":[{"@type":"SearchAction","target":{"@type":"EntryPoint","urlTemplate":"https:\/\/proxeed.ch\/?s={search_term_string}"},"query-input":{"@type":"PropertyValueSpecification","valueRequired":true,"valueName":"search_term_string"}}],"inLanguage":"fr-FR"}]}},"_links":{"self":[{"href":"https:\/\/proxeed.ch\/fr\/wp-json\/wp\/v2\/pages\/4892","targetHints":{"allow":["GET"]}}],"collection":[{"href":"https:\/\/proxeed.ch\/fr\/wp-json\/wp\/v2\/pages"}],"about":[{"href":"https:\/\/proxeed.ch\/fr\/wp-json\/wp\/v2\/types\/page"}],"author":[{"embeddable":true,"href":"https:\/\/proxeed.ch\/fr\/wp-json\/wp\/v2\/users\/1"}],"replies":[{"embeddable":true,"href":"https:\/\/proxeed.ch\/fr\/wp-json\/wp\/v2\/comments?post=4892"}],"version-history":[{"count":0,"href":"https:\/\/proxeed.ch\/fr\/wp-json\/wp\/v2\/pages\/4892\/revisions"}],"wp:attachment":[{"href":"https:\/\/proxeed.ch\/fr\/wp-json\/wp\/v2\/media?parent=4892"}],"curies":[{"name":"wp","href":"https:\/\/api.w.org\/{rel}","templated":true}]}}