{"id":4903,"date":"2019-09-10T16:17:40","date_gmt":"2019-09-10T14:17:40","guid":{"rendered":"http:\/\/neu.proxeed.ch\/conditions-dutilisation\/"},"modified":"2025-02-19T15:39:08","modified_gmt":"2025-02-19T14:39:08","slug":"conditions-dutilisation","status":"publish","type":"page","link":"https:\/\/proxeed.ch\/fr\/conditions-dutilisation\/","title":{"rendered":"Conditions d&#8217;utilisation"},"content":{"rendered":"\n<style type=\"text\/css\" data-created_by=\"avia_inline_auto\" id=\"style-css-av-b123e-7c2ddecd0d20e0a75f13be19ff70f1c1\">\n.flex_column.av-b123e-7c2ddecd0d20e0a75f13be19ff70f1c1{\nborder-radius:0px 0px 0px 0px;\npadding:0px 0px 0px 0px;\n}\n<\/style>\n<div  class='flex_column av-b123e-7c2ddecd0d20e0a75f13be19ff70f1c1 av_one_full  avia-builder-el-0  avia-builder-el-no-sibling  first flex_column_div av-zero-column-padding  '     ><section  class='av_textblock_section av-jx98e9gi-da9eb6296c68bbd985c67ecf278da5ad '   itemscope=\"itemscope\" itemtype=\"https:\/\/schema.org\/CreativeWork\" ><div class='avia_textblock'  itemprop=\"text\" ><h1>Conditions d&#8217;utilisation<\/h1>\n<p>L&#8217;acc\u00e8s et l&#8217;utilisation de ce site Web sont soumis aux dispositions suivantes. En visitant ce site Web, vous acceptez ces conditions d&#8217;utilisation. Si vous n&#8217;acceptez pas ces conditions d&#8217;utilisation, veuillez ne plus utiliser ce site Web. Alfasigma Suisse AG peut modifier les conditions d&#8217;utilisation \u00e0 tout moment. Veuillez vous informer r\u00e9guli\u00e8rement sur la version actuelle des conditions d&#8217;utilisation.<\/p>\n<p><strong>Clause de non-responsabilit\u00e9<\/strong><br \/>\nLes informations de ce site Web sont uniquement destin\u00e9es \u00e0 fournir des informations g\u00e9n\u00e9rales sur Alfasigma Suisse SA, ses produits et services. Alfasigma Suisse SA a compil\u00e9 le contenu du site Web au mieux de ses connaissances et s&#8217;efforce de maintenir les informations \u00e0 jour. Cependant, les informations du site Web ne pr\u00e9tendent pas \u00e0 une exhaustivit\u00e9 professionnelle. Alfasigma Suisse SA ne garantit en aucune fa\u00e7on l&#8217;exactitude, la pr\u00e9cision, l&#8217;actualit\u00e9, la fiabilit\u00e9 et l&#8217;exhaustivit\u00e9 des informations. Pour des questions m\u00e9dicales, veuillez consulter un professionnel de la sant\u00e9.<br \/>\nLes demandes de dommages-int\u00e9r\u00eats contre l&#8217;auteur en raison de dommages mat\u00e9riels ou immat\u00e9riels r\u00e9sultant de l&#8217;acc\u00e8s ou de l&#8217;utilisation ou de la non-utilisation des informations publi\u00e9es, de l&#8217;abus de la connexion ou de dysfonctionnements techniques sont exclues.<br \/>\nAlfasigma Suisse SA n&#8217;assume aucune responsabilit\u00e9 et ne garantit pas que votre \u00e9quipement informatique ne sera pas endommag\u00e9 ou infect\u00e9 par des virus.<br \/>\nToutes les offres sont sans engagement. L&#8217;auteur se r\u00e9serve express\u00e9ment le droit de modifier, compl\u00e9ter, supprimer ou cesser temporairement ou d\u00e9finitivement la publication de parties des pages ou de l&#8217;ensemble de l&#8217;offre sans pr\u00e9avis.<\/p>\n<p><strong>Responsabilit\u00e9 pour les liens<\/strong><br \/>\nLes r\u00e9f\u00e9rences et liens vers des sites Web de tiers sont en dehors de notre domaine de responsabilit\u00e9. Toute responsabilit\u00e9 pour de tels sites Web est rejet\u00e9e. Nous nous effor\u00e7ons cependant de vous informer, lorsque vous quittez notre site Web, que les conditions d&#8217;utilisation et la protection des donn\u00e9es des sites Web de tiers peuvent diff\u00e9rer. L&#8217;acc\u00e8s et l&#8217;utilisation de tels sites Web se font aux risques et p\u00e9rils de l&#8217;utilisateur.<\/p>\n<p><strong>Utilisation internationale<\/strong><br \/>\nLe site Web du produit Proxeed est exploit\u00e9, contr\u00f4l\u00e9 et entretenu par Alfasigma Suisse SA depuis son si\u00e8ge \u00e0 Zofingen. Le site Web est uniquement destin\u00e9 \u00e0 une utilisation en Suisse.<br \/>\nLes produits pr\u00e9sent\u00e9s sur le site Web peuvent ne pas \u00eatre disponibles dans tous les pays ou sous la m\u00eame marque commerciale. Selon le pays, les produits peuvent \u00eatre soumis \u00e0 des exigences l\u00e9gales diff\u00e9rentes.<\/p>\n<p><strong>Droits d&#8217;auteur<\/strong><br \/>\nLes droits d&#8217;auteur et tous les autres droits sur les contenus, images, photos ou autres fichiers sur le site Web appartiennent exclusivement \u00e0 Alfasigma Suisse SA ou aux titulaires des droits sp\u00e9cifiquement mentionn\u00e9s. Toute reproduction d&#8217;\u00e9l\u00e9ments doit faire l&#8217;objet d&#8217;une autorisation \u00e9crite pr\u00e9alable des d\u00e9tenteurs des droits d&#8217;auteur.<\/p>\n<p><strong>Contact<\/strong><br \/>\nPour toute question ou plainte concernant notre respect de cette d\u00e9claration de conditions d&#8217;utilisation et de protection des donn\u00e9es, ainsi que pour des recommandations ou des remarques visant \u00e0 am\u00e9liorer les conditions d&#8217;utilisation et la protection des donn\u00e9es, veuillez nous contacter par e-mail \u00e0 l&#8217;adresse : info.ch@alfasigma.com.<\/p>\n<\/div><\/section><\/div>\n","protected":false},"excerpt":{"rendered":"","protected":false},"author":1,"featured_media":0,"parent":0,"menu_order":0,"comment_status":"closed","ping_status":"closed","template":"","meta":{"footnotes":""},"class_list":["post-4903","page","type-page","status-publish","hentry"],"yoast_head":"<!-- This site is optimized with the Yoast SEO plugin v25.1 - https:\/\/yoast.com\/wordpress\/plugins\/seo\/ -->\n<title>Conditions d&#039;utilisation - Proxeed<\/title>\n<meta name=\"robots\" content=\"index, follow, max-snippet:-1, max-image-preview:large, max-video-preview:-1\" \/>\n<meta property=\"og:locale\" content=\"fr_FR\" \/>\n<meta property=\"og:type\" content=\"article\" \/>\n<meta property=\"og:title\" content=\"Conditions d&#039;utilisation - Proxeed\" \/>\n<meta property=\"og:url\" content=\"https:\/\/proxeed.ch\/nutzungsbedingungen\/\" \/>\n<meta property=\"og:site_name\" content=\"Proxeed\" \/>\n<meta property=\"article:modified_time\" content=\"2025-02-19T14:39:08+00:00\" \/>\n<meta name=\"twitter:card\" content=\"summary_large_image\" \/>\n<meta name=\"twitter:label1\" content=\"Dur\u00e9e de lecture estim\u00e9e\" \/>\n\t<meta name=\"twitter:data1\" content=\"3 minutes\" \/>\n<script type=\"application\/ld+json\" class=\"yoast-schema-graph\">{\"@context\":\"https:\/\/schema.org\",\"@graph\":[{\"@type\":\"WebPage\",\"@id\":\"https:\/\/proxeed.ch\/nutzungsbedingungen\/\",\"url\":\"https:\/\/proxeed.ch\/nutzungsbedingungen\/\",\"name\":\"Conditions d'utilisation - Proxeed\",\"isPartOf\":{\"@id\":\"https:\/\/proxeed.ch\/#website\"},\"datePublished\":\"2019-09-10T14:17:40+00:00\",\"dateModified\":\"2025-02-19T14:39:08+00:00\",\"breadcrumb\":{\"@id\":\"https:\/\/proxeed.ch\/nutzungsbedingungen\/#breadcrumb\"},\"inLanguage\":\"fr-FR\",\"potentialAction\":[{\"@type\":\"ReadAction\",\"target\":[\"https:\/\/proxeed.ch\/nutzungsbedingungen\/\"]}]},{\"@type\":\"BreadcrumbList\",\"@id\":\"https:\/\/proxeed.ch\/nutzungsbedingungen\/#breadcrumb\",\"itemListElement\":[{\"@type\":\"ListItem\",\"position\":1,\"name\":\"Startseite\",\"item\":\"https:\/\/proxeed.ch\/home\/\"},{\"@type\":\"ListItem\",\"position\":2,\"name\":\"Conditions d&#8217;utilisation\"}]},{\"@type\":\"WebSite\",\"@id\":\"https:\/\/proxeed.ch\/#website\",\"url\":\"https:\/\/proxeed.ch\/\",\"name\":\"Proxeed\",\"description\":\"\",\"potentialAction\":[{\"@type\":\"SearchAction\",\"target\":{\"@type\":\"EntryPoint\",\"urlTemplate\":\"https:\/\/proxeed.ch\/?s={search_term_string}\"},\"query-input\":{\"@type\":\"PropertyValueSpecification\",\"valueRequired\":true,\"valueName\":\"search_term_string\"}}],\"inLanguage\":\"fr-FR\"}]}<\/script>\n<!-- \/ Yoast SEO plugin. -->","yoast_head_json":{"title":"Conditions d'utilisation - Proxeed","robots":{"index":"index","follow":"follow","max-snippet":"max-snippet:-1","max-image-preview":"max-image-preview:large","max-video-preview":"max-video-preview:-1"},"og_locale":"fr_FR","og_type":"article","og_title":"Conditions d'utilisation - Proxeed","og_url":"https:\/\/proxeed.ch\/nutzungsbedingungen\/","og_site_name":"Proxeed","article_modified_time":"2025-02-19T14:39:08+00:00","twitter_card":"summary_large_image","twitter_misc":{"Dur\u00e9e de lecture estim\u00e9e":"3 minutes"},"schema":{"@context":"https:\/\/schema.org","@graph":[{"@type":"WebPage","@id":"https:\/\/proxeed.ch\/nutzungsbedingungen\/","url":"https:\/\/proxeed.ch\/nutzungsbedingungen\/","name":"Conditions d'utilisation - Proxeed","isPartOf":{"@id":"https:\/\/proxeed.ch\/#website"},"datePublished":"2019-09-10T14:17:40+00:00","dateModified":"2025-02-19T14:39:08+00:00","breadcrumb":{"@id":"https:\/\/proxeed.ch\/nutzungsbedingungen\/#breadcrumb"},"inLanguage":"fr-FR","potentialAction":[{"@type":"ReadAction","target":["https:\/\/proxeed.ch\/nutzungsbedingungen\/"]}]},{"@type":"BreadcrumbList","@id":"https:\/\/proxeed.ch\/nutzungsbedingungen\/#breadcrumb","itemListElement":[{"@type":"ListItem","position":1,"name":"Startseite","item":"https:\/\/proxeed.ch\/home\/"},{"@type":"ListItem","position":2,"name":"Conditions d&#8217;utilisation"}]},{"@type":"WebSite","@id":"https:\/\/proxeed.ch\/#website","url":"https:\/\/proxeed.ch\/","name":"Proxeed","description":"","potentialAction":[{"@type":"SearchAction","target":{"@type":"EntryPoint","urlTemplate":"https:\/\/proxeed.ch\/?s={search_term_string}"},"query-input":{"@type":"PropertyValueSpecification","valueRequired":true,"valueName":"search_term_string"}}],"inLanguage":"fr-FR"}]}},"_links":{"self":[{"href":"https:\/\/proxeed.ch\/fr\/wp-json\/wp\/v2\/pages\/4903","targetHints":{"allow":["GET"]}}],"collection":[{"href":"https:\/\/proxeed.ch\/fr\/wp-json\/wp\/v2\/pages"}],"about":[{"href":"https:\/\/proxeed.ch\/fr\/wp-json\/wp\/v2\/types\/page"}],"author":[{"embeddable":true,"href":"https:\/\/proxeed.ch\/fr\/wp-json\/wp\/v2\/users\/1"}],"replies":[{"embeddable":true,"href":"https:\/\/proxeed.ch\/fr\/wp-json\/wp\/v2\/comments?post=4903"}],"version-history":[{"count":0,"href":"https:\/\/proxeed.ch\/fr\/wp-json\/wp\/v2\/pages\/4903\/revisions"}],"wp:attachment":[{"href":"https:\/\/proxeed.ch\/fr\/wp-json\/wp\/v2\/media?parent=4903"}],"curies":[{"name":"wp","href":"https:\/\/api.w.org\/{rel}","templated":true}]}}