{"id":11061,"date":"2020-06-21T12:29:09","date_gmt":"2020-06-21T10:29:09","guid":{"rendered":"https:\/\/proxeed.ch\/dev\/condizioni-generali-di-contratto\/"},"modified":"2020-06-21T12:29:09","modified_gmt":"2020-06-21T10:29:09","slug":"condizioni-generali-di-contratto","status":"publish","type":"page","link":"https:\/\/proxeed.ch\/it\/condizioni-generali-di-contratto\/","title":{"rendered":"Condizioni Generali di Contratto"},"content":{"rendered":"\n<style type=\"text\/css\" data-created_by=\"avia_inline_auto\" id=\"style-css-av-uwzysr-a8a2fe20ffaa67ee658dd11e87f2eda2\">\n.flex_column.av-uwzysr-a8a2fe20ffaa67ee658dd11e87f2eda2{\nborder-radius:0px 0px 0px 0px;\npadding:0px 0px 0px 0px;\n}\n<\/style>\n<div  class='flex_column av-uwzysr-a8a2fe20ffaa67ee658dd11e87f2eda2 av_one_full  avia-builder-el-0  avia-builder-el-no-sibling  first flex_column_div av-zero-column-padding  '     ><section  class='av_textblock_section av-kbm97eqf-18ca128d18e41f5a07197b50d3d7e00c '   itemscope=\"itemscope\" itemtype=\"https:\/\/schema.org\/CreativeWork\" ><div class='avia_textblock'  itemprop=\"text\" ><h1>CONDIZIONI GENERALI DI CONTRATTO<\/h1>\n<ol>\n<li><strong>Introduzione<\/strong><\/li>\n<\/ol>\n<p>Le presenti Condizioni Generali di Contratto (di seguito \u201cCGC\u201d) disciplinano i diritti e gli obblighi tra Alfasigma in qualit\u00e0 di gestore del sito web www.proxeed.ch (di seguito \u201cFornitore\u201d) e i suoi clienti (di seguito \u201cCliente\/Clienti\u201d) in relazione all&#8217;acquisto di merci da Alfasigma. Le suddette CGC si applicano per ogni acquisto effettuato dal Cliente tramite il negozio online Alfasigma (di seguito \u201cnegozio online\u201d). Si applica la versione delle presenti CGC valida al momento dell\u2019ordine. La versione valida \u00e8 disponibile sotto https:\/\/proxeed.ch\/agb\/. \u00a0Le CGC non possono essere modificate unilateralmente per un ordine. Eventuali condizioni del Cliente che siano contrarie o si discostino dalle presenti CGC non saranno riconosciute.<\/p>\n<ol start=\"2\">\n<li><strong>Ambito di applicazione<\/strong><\/li>\n<\/ol>\n<p>L\u2019acquisto di merci da Alfasigma (di seguito<strong> \u201cMerci\u201d<\/strong>) \u00e8 riservato esclusivamente a persone fisiche residenti in Svizzera o nel Liechtenstein (di seguito denominati<strong> \u201cCliente\/Clienti\u201d<\/strong>). Le merci sono destinate esclusivamente all\u2019uso privato e non ad uso commerciale. Alfasigma ha facolt\u00e0 di imporre restrizioni quantitative sulle merci.<\/p>\n<p>L&#8217;offerta \u00e8 valida finch\u00e9 il prodotto sar\u00e0 disponibile nel negozio online tramite il motore di ricerca e\/o fino ad esaurimento scorte.<\/p>\n<ol start=\"3\">\n<li><strong>Idoneit\u00e0 dei prodotti<\/strong><\/li>\n<\/ol>\n<p>Il fornitore fa presente che i Clienti sono tenuti ad informarsi attentamente prima di ordinare i prodotti nel negozio online. In particolare, \u00e8 responsabilit\u00e0 dei Clienti verificare prima di ogni acquisto che le merci scelte siano idonee e che non vi siano incompatibilit\u00e0 o controindicazioni. In caso di dubbi o domande, il Cliente pu\u00f2 sempre contattare lo staff tecnico di Alfasigma.<\/p>\n<ol start=\"4\">\n<li><strong>Indicazioni di prezzo<\/strong><\/li>\n<\/ol>\n<p>I prezzi indicati sulla pagina del prodotto sono comprensivi dell\u2019imposta sul valore aggiunto prevista dalla legge e di altre componenti di prezzo e si intendono in franchi svizzeri (CHF). Le eventuali spese di spedizione o i costi del fornitore di servizi di pagamento saranno visualizzati al Cliente durante il processo di ordinazione. Non si richiede alcun pagamento di ulteriori tasse o costi.<\/p>\n<p>Il Fornitore si riserva il diritto di modificare i prezzi in qualsiasi momento. Per i Clienti sono validi i prezzi pubblicati sul sito web alla data dell\u2019ordine.<\/p>\n<ol start=\"5\">\n<li><strong>Conclusione del contratto<\/strong><\/li>\n<\/ol>\n<p>Le informazioni nel negozio online costituiscono un\u2019offerta. Cliccando sul pulsante (Ordina), il Cliente effettua un ordine vincolante di tutti i prodotti elencati nella pagina d\u2019ordine. Subito dopo aver ricevuto l\u2019ordine, Alfasigma confermer\u00e0 l\u2019ordine tramite e-mail. Il contratto di compravendita si conclude immediatamente. Tuttavia, il contratto \u00e8 sempre soggetto alla riserva di un\u2019impossibilit\u00e0 di consegna o di un\u2019errata quotazione del prezzo, che comporta la risoluzione del contratto.<\/p>\n<ol start=\"6\">\n<li><strong>Pagamento<\/strong><\/li>\n<\/ol>\n<p>Il Cliente pu\u00f2 scegliere tra le opzioni di pagamento indicate al momento dell\u2019acquisto nel negozio online. Ci riserviamo il diritto di non offrire determinati metodi di pagamento per ogni ordine.<\/p>\n<p>In caso di pagamento con carta di credito, ecc. l\u2019addebito sul conto del Cliente avverr\u00e0 al momento dell\u2019ordine.<\/p>\n<p>\u00c8 esclusa la compensazione con eventuali contropretese del Cliente non riconosciute o non stabilite per legge.<\/p>\n<p>Il Cliente pu\u00f2 esercitare un diritto di ritenzione solo nella misura in cui le pretese si basano sullo stesso rapporto contrattuale.<\/p>\n<ol start=\"7\">\n<li><strong>Spedizione<\/strong><\/li>\n<\/ol>\n<p>La consegna delle merci ha luogo esclusivamente in Svizzera e nel Liechtenstein.<\/p>\n<p>Il termine di consegna per la Svizzera e il Liechtenstein \u00e8, salvo diversa indicazione nell\u2019offerta, 1 fino a 2 giorni lavorativi.<\/p>\n<p>Tuttavia, si potrebbero verificare ritardi nelle consegne da parte di Alfasigma, in particolare a causa di problemi di approvvigionamento o strozzature nel processo produttivo. Tutte le indicazioni relative alla disponibilit\u00e0 e ai tempi di consegna sono quindi senza garanzia e potrebbero subire modifiche in qualsiasi momento. In caso di ritardo di consegna da parte di Alfasigma, il Cliente ha il diritto di recedere dal contratto a partire dal trentesimo giorno di calendario successivo alla data di consegna originariamente dichiarata. In questo caso, Alfasigma rimborser\u00e0 al Cliente gli importi eventualmente pagati in anticipo. Oltre ci\u00f2, non sussistono ulteriori pretese di risarcimento nei confronti di Alfasigma.<\/p>\n<p>Se la consegna del prodotto non dovesse essere possibile per colpa del Cliente nonostante tre tentativi di consegnare il prodotto, Alfasigma avr\u00e0 facolt\u00e0 di recedere dal contratto. Eventuali pagamenti gi\u00e0 effettuati saranno rimborsati immediatamente.<\/p>\n<ol start=\"8\">\n<li><strong>Controllo dell\u2019ordine<\/strong><\/li>\n<\/ol>\n<p>Il Cliente \u00e8 tenuto a controllare immediatamente la correttezza e la completezza dei prodotti consegnati o ritirati e ad esaminarli allo scopo di individuare eventuali danni da trasporto.<\/p>\n<p>Per tutti i prodotti e servizi, \u00e8 necessario segnalare eventuali danni da trasporto e consegne errate e incomplete entro 5 giorni di calendario dal momento del ritiro o della consegna: info.ch@alfasigma.com<\/p>\n<p>Il Cliente non \u00e8 autorizzato ad utilizzare un prodotto consegnato per errore. Tale prodotto dovr\u00e0 essere restituito ad Alfasigma.<\/p>\n<ol start=\"9\">\n<li><strong>Garanzia \/ Responsabilit\u00e0<\/strong><\/li>\n<\/ol>\n<p>Alfasigma garantisce che la merce \u00e8 conforme alle caratteristiche garantite, che non presenta difetti che ne compromettono il valore o l\u2019idoneit\u00e0 all\u2019uso previsto e che \u00e8 conforme alle alle specifiche e caratteristiche prescritte. Alfasigma si riserva il diritto di correggere un difetto esistente nel senso di riparazione o di fornitura sostitutiva.<\/p>\n<p>L&#8217;acquirente \u00e8 tenuto a controllare il pi\u00f9 presto possibile la merce consegnata e a segnalare immediatamente eventuali difetti. Il nostro servizio clienti responsabile \u00e8 raggiungibile al seguente indirizzo info.ch@alfasigma.com.<\/p>\n<p>Sono esclusi ulteriori diritti del Cliente, in particolare qualsiasi responsabilit\u00e0 per danni.<\/p>\n<ol start=\"10\">\n<li><strong>Sconti, buoni regalo e carte regalo<\/strong><\/li>\n<\/ol>\n<p>Buoni regalo, carte regalo e altri benefit possono essere riscattati. Un riscatto nel negozio online \u00e8 possibile solo se \u00e8 espressamente disponibile un codice online. Il riscatto pu\u00f2 essere vincolato ad un valore minimo d\u2019ordine. Il pagamento in contanti \u00e8 escluso.<\/p>\n<ol start=\"11\">\n<li><strong>Modifiche<\/strong><\/li>\n<\/ol>\n<p>Alfasigma si riserva il diritto di modificare in qualsiasi momento le presenti CGC. La versione attuale e vincolante \u00e8 disponibile online su https:\/\/proxeed.ch\/agb\/.<\/p>\n<ol start=\"12\">\n<li><strong>Diritto d\u2019autore<\/strong><\/li>\n<\/ol>\n<p>Il contenuto e la struttura dei prodotti pubblicati da Alfsigma e l\u2019intera offerta Internet sono protetti dal diritto d\u2019autore. L\u2019utilizzo di contributi e ausili al lavoro per uso proprio del Cliente \u00e8 consentito; tuttavia, la distribuzione commerciale completa o parziale richiede l\u2019espresso consenso di Alfsigma.<\/p>\n<ol start=\"13\">\n<li><strong>Sicurezza dei dati \/ protezione dei dati<\/strong><\/li>\n<\/ol>\n<p>Alfasigma si impegna a garantire che i sistemi, i programmi, ecc. che mette a disposizione siano sicuri secondo i pi\u00f9 recenti standard tecnici e si impegna a rispettare le leggi sulla protezione dei dati.<\/p>\n<p>I Clienti sono tenuti a garantire la sicurezza dei sistemi, dei programmi e dei dati all\u2019interno della loro sfera di influenza. Nel loro stesso interesse, si raccomanda ai Clienti di non rivelare a terzi le password e i nomi utente.<\/p>\n<p>Il Fornitore non risponde di difetti e malfunzionamenti di cui non sia responsabile, in particolare per difetti di sicurezza e guasti operativi di imprese terze con cui collabora o da cui dipende.<\/p>\n<p>Inoltre, il Fornitore non \u00e8 responsabile per cause di forza maggiore, azioni improprie e inosservanza dei rischi da parte del Cliente o di terzi, sovraccarico eccessivo, mezzi operativi inadeguati del Cliente o di terzi, influssi ambientali estremi, interventi del Cliente o disturbi da parte di terzi (virus, worm, ecc.), che si verificano nonostante le necessarie misure di sicurezza messe in atto.<\/p>\n<p>Ulteriori informazioni sulla protezione dei dati si trovano nell\u2019informativa sulla protezione dei dati.<\/p>\n<ol start=\"14\">\n<li><strong>Foro competente e diritto applicabile<\/strong><\/li>\n<\/ol>\n<p>Si applica esclusivamente il diritto svizzero, con esclusione del diritto dei conflitti di leggi e degli accordi internazionali come la Convenzione delle Nazioni Unite sui contratti di vendita internazionale di merci mobili. Il foro competente \u00e8 quello del luogo di residenza del Cliente o della sede di Alfasigma a Lucerna.<\/p>\n<ol start=\"15\">\n<li><strong>Invalidit\u00e0 parziale<\/strong><\/li>\n<\/ol>\n<p>Se una o alcune disposizioni delle presenti condizioni generali di contratto dovessero risultare inefficaci, la validit\u00e0 delle restanti disposizioni resta inalterata. Al posto delle disposizioni non valide si applicano mutatis mutandis le disposizioni legali pertinenti.<\/p>\n<\/div><\/section><\/div>\n","protected":false},"excerpt":{"rendered":"","protected":false},"author":1,"featured_media":0,"parent":0,"menu_order":0,"comment_status":"closed","ping_status":"closed","template":"","meta":{"footnotes":""},"class_list":["post-11061","page","type-page","status-publish","hentry"],"yoast_head":"<!-- This site is optimized with the Yoast SEO plugin v25.1 - https:\/\/yoast.com\/wordpress\/plugins\/seo\/ -->\n<title>Condizioni Generali di Contratto - Proxeed<\/title>\n<meta name=\"robots\" content=\"index, follow, max-snippet:-1, max-image-preview:large, max-video-preview:-1\" \/>\n<meta property=\"og:locale\" content=\"it_IT\" \/>\n<meta property=\"og:type\" content=\"article\" \/>\n<meta property=\"og:title\" content=\"Condizioni Generali di Contratto - Proxeed\" \/>\n<meta property=\"og:url\" content=\"https:\/\/proxeed.ch\/?page_id=11051\" \/>\n<meta property=\"og:site_name\" content=\"Proxeed\" \/>\n<meta name=\"twitter:card\" content=\"summary_large_image\" \/>\n<meta name=\"twitter:label1\" content=\"Tempo di lettura stimato\" \/>\n\t<meta name=\"twitter:data1\" content=\"7 minuti\" \/>\n<script type=\"application\/ld+json\" class=\"yoast-schema-graph\">{\"@context\":\"https:\/\/schema.org\",\"@graph\":[{\"@type\":\"WebPage\",\"@id\":\"https:\/\/proxeed.ch\/?page_id=11051\",\"url\":\"https:\/\/proxeed.ch\/?page_id=11051\",\"name\":\"Condizioni Generali di Contratto - Proxeed\",\"isPartOf\":{\"@id\":\"https:\/\/proxeed.ch\/#website\"},\"datePublished\":\"2020-06-21T10:29:09+00:00\",\"breadcrumb\":{\"@id\":\"https:\/\/proxeed.ch\/?page_id=11051#breadcrumb\"},\"inLanguage\":\"it-IT\",\"potentialAction\":[{\"@type\":\"ReadAction\",\"target\":[\"https:\/\/proxeed.ch\/?page_id=11051\"]}]},{\"@type\":\"BreadcrumbList\",\"@id\":\"https:\/\/proxeed.ch\/?page_id=11051#breadcrumb\",\"itemListElement\":[{\"@type\":\"ListItem\",\"position\":1,\"name\":\"Startseite\",\"item\":\"https:\/\/proxeed.ch\/home\/\"},{\"@type\":\"ListItem\",\"position\":2,\"name\":\"Condizioni Generali di Contratto\"}]},{\"@type\":\"WebSite\",\"@id\":\"https:\/\/proxeed.ch\/#website\",\"url\":\"https:\/\/proxeed.ch\/\",\"name\":\"Proxeed\",\"description\":\"\",\"potentialAction\":[{\"@type\":\"SearchAction\",\"target\":{\"@type\":\"EntryPoint\",\"urlTemplate\":\"https:\/\/proxeed.ch\/?s={search_term_string}\"},\"query-input\":{\"@type\":\"PropertyValueSpecification\",\"valueRequired\":true,\"valueName\":\"search_term_string\"}}],\"inLanguage\":\"it-IT\"}]}<\/script>\n<!-- \/ Yoast SEO plugin. -->","yoast_head_json":{"title":"Condizioni Generali di Contratto - Proxeed","robots":{"index":"index","follow":"follow","max-snippet":"max-snippet:-1","max-image-preview":"max-image-preview:large","max-video-preview":"max-video-preview:-1"},"og_locale":"it_IT","og_type":"article","og_title":"Condizioni Generali di Contratto - Proxeed","og_url":"https:\/\/proxeed.ch\/?page_id=11051","og_site_name":"Proxeed","twitter_card":"summary_large_image","twitter_misc":{"Tempo di lettura stimato":"7 minuti"},"schema":{"@context":"https:\/\/schema.org","@graph":[{"@type":"WebPage","@id":"https:\/\/proxeed.ch\/?page_id=11051","url":"https:\/\/proxeed.ch\/?page_id=11051","name":"Condizioni Generali di Contratto - Proxeed","isPartOf":{"@id":"https:\/\/proxeed.ch\/#website"},"datePublished":"2020-06-21T10:29:09+00:00","breadcrumb":{"@id":"https:\/\/proxeed.ch\/?page_id=11051#breadcrumb"},"inLanguage":"it-IT","potentialAction":[{"@type":"ReadAction","target":["https:\/\/proxeed.ch\/?page_id=11051"]}]},{"@type":"BreadcrumbList","@id":"https:\/\/proxeed.ch\/?page_id=11051#breadcrumb","itemListElement":[{"@type":"ListItem","position":1,"name":"Startseite","item":"https:\/\/proxeed.ch\/home\/"},{"@type":"ListItem","position":2,"name":"Condizioni Generali di Contratto"}]},{"@type":"WebSite","@id":"https:\/\/proxeed.ch\/#website","url":"https:\/\/proxeed.ch\/","name":"Proxeed","description":"","potentialAction":[{"@type":"SearchAction","target":{"@type":"EntryPoint","urlTemplate":"https:\/\/proxeed.ch\/?s={search_term_string}"},"query-input":{"@type":"PropertyValueSpecification","valueRequired":true,"valueName":"search_term_string"}}],"inLanguage":"it-IT"}]}},"_links":{"self":[{"href":"https:\/\/proxeed.ch\/it\/wp-json\/wp\/v2\/pages\/11061","targetHints":{"allow":["GET"]}}],"collection":[{"href":"https:\/\/proxeed.ch\/it\/wp-json\/wp\/v2\/pages"}],"about":[{"href":"https:\/\/proxeed.ch\/it\/wp-json\/wp\/v2\/types\/page"}],"author":[{"embeddable":true,"href":"https:\/\/proxeed.ch\/it\/wp-json\/wp\/v2\/users\/1"}],"replies":[{"embeddable":true,"href":"https:\/\/proxeed.ch\/it\/wp-json\/wp\/v2\/comments?post=11061"}],"version-history":[{"count":0,"href":"https:\/\/proxeed.ch\/it\/wp-json\/wp\/v2\/pages\/11061\/revisions"}],"wp:attachment":[{"href":"https:\/\/proxeed.ch\/it\/wp-json\/wp\/v2\/media?parent=11061"}],"curies":[{"name":"wp","href":"https:\/\/api.w.org\/{rel}","templated":true}]}}