{"id":4817,"date":"2019-09-09T18:06:06","date_gmt":"2019-09-09T16:06:06","guid":{"rendered":"http:\/\/neu.proxeed.ch\/informazioni-su-alfasigma\/"},"modified":"2025-02-19T15:58:45","modified_gmt":"2025-02-19T14:58:45","slug":"informazioni-su-alfasigma","status":"publish","type":"page","link":"https:\/\/proxeed.ch\/it\/informazioni-su-alfasigma\/","title":{"rendered":"Informazioni su AlfaSigma"},"content":{"rendered":"\n<style type=\"text\/css\" data-created_by=\"avia_inline_auto\" id=\"style-css-av-132qs-b45d7b5ea5abf7e020197937106ed404\">\n.flex_column.av-132qs-b45d7b5ea5abf7e020197937106ed404{\nborder-radius:0px 0px 0px 0px;\npadding:0px 0px 0px 0px;\n}\n<\/style>\n<div  class='flex_column av-132qs-b45d7b5ea5abf7e020197937106ed404 av_one_full  avia-builder-el-0  avia-builder-el-no-sibling  first flex_column_div av-zero-column-padding  '     ><section  class='av_textblock_section av-jx985svb-0c2f485d1d5b776d3925cb9026134b0a '   itemscope=\"itemscope\" itemtype=\"https:\/\/schema.org\/CreativeWork\" ><div class='avia_textblock'  itemprop=\"text\" ><h3 style=\"text-align: center;\">Alfasigma Schweiz AG &#8211; la nuova azienda farmaceutica<\/h3>\n<p style=\"text-align: center;\">Alfasigma Schweiz AG a Zofingen \u00e8 la filiale svizzera del gruppo farmaceutico Alfasigma operante a livello mondiale con sede centrale in Italia. Dalla fusione dei gruppi aziendali Alfa Wassermann e Sigma-Tau \u00e8 nata una delle cinque aziende farmaceutiche pi\u00f9 grandi in Italia, che ha ereditato gli elevati valori e il know-how riconosciuto delle sue storiche aziende italiane e ora si concentra sul potenziale e la specializzazione del nuovo gruppo. Oltre alla sua importante presenza in Italia, Alfasigma ha una forte influenza internazionale e vanta risorse molte valide per soddisfare le proprie funzioni principali: ricerca, sviluppo e innovazione. La sede centrale di Alfasigma si trova a Bologna (Italia), la sezione internazionale a Milano. I reparti di ricerca e produzione sono situati a Pomezia (Roma), Alanno (Pescara) e Sermoneta (Latina). Una rete di societ\u00e0 partner e affiliate in cinque continenti si occupa della distribuzione mondiale dei prodotti. Alfasigma produce farmaci per un\u2019ampia gamma di ambiti terapeutici che vanno dai farmaci da prescrizione fino ai farmaci di automedicazione e integratori alimentari, molti dei quali sono il risultato di lunghi anni di ricerca. Noi di Alfasigma crediamo che gli integratori alimentari debbano essere supportati da solidi studi scientifici e ricerche. Pertanto Proxeed\u00aePlus e Proxeed\u00aeWomen Inositol vengono prodotti secondo il livello di qualit\u00e0 farmaceutico e controllati anche dalle autorit\u00e0 riconosciute. Perch\u00e9 le coppie che desiderano un figlio vogliono potersi affidare a conoscenze affidabili. Accontentatevi solo del meglio.<br \/>\nUlteriori informazioni su Alfasigma Schweiz SA sono disponibili al seguente link: <a href=\"https:\/\/ch.alfasigma.com\/it\/\">www.alfasigma.ch<\/a><\/p>\n<\/div><\/section><\/div>\n","protected":false},"excerpt":{"rendered":"","protected":false},"author":1,"featured_media":0,"parent":0,"menu_order":0,"comment_status":"closed","ping_status":"closed","template":"","meta":{"footnotes":""},"class_list":["post-4817","page","type-page","status-publish","hentry"],"yoast_head":"<!-- This site is optimized with the Yoast SEO plugin v25.1 - https:\/\/yoast.com\/wordpress\/plugins\/seo\/ -->\n<title>Informazioni su AlfaSigma - Proxeed<\/title>\n<meta name=\"robots\" content=\"index, follow, max-snippet:-1, max-image-preview:large, max-video-preview:-1\" \/>\n<meta property=\"og:locale\" content=\"it_IT\" \/>\n<meta property=\"og:type\" content=\"article\" \/>\n<meta property=\"og:title\" content=\"Informazioni su AlfaSigma - Proxeed\" \/>\n<meta property=\"og:url\" content=\"https:\/\/proxeed.ch\/it\/informazioni-su-alfasigma\/\" \/>\n<meta property=\"og:site_name\" content=\"Proxeed\" \/>\n<meta property=\"article:modified_time\" content=\"2025-02-19T14:58:45+00:00\" \/>\n<meta name=\"twitter:card\" content=\"summary_large_image\" \/>\n<meta name=\"twitter:label1\" content=\"Tempo di lettura stimato\" \/>\n\t<meta name=\"twitter:data1\" content=\"2 minuti\" \/>\n<script type=\"application\/ld+json\" class=\"yoast-schema-graph\">{\"@context\":\"https:\/\/schema.org\",\"@graph\":[{\"@type\":\"WebPage\",\"@id\":\"https:\/\/proxeed.ch\/it\/informazioni-su-alfasigma\/\",\"url\":\"https:\/\/proxeed.ch\/it\/informazioni-su-alfasigma\/\",\"name\":\"Informazioni su AlfaSigma - Proxeed\",\"isPartOf\":{\"@id\":\"https:\/\/proxeed.ch\/#website\"},\"datePublished\":\"2019-09-09T16:06:06+00:00\",\"dateModified\":\"2025-02-19T14:58:45+00:00\",\"breadcrumb\":{\"@id\":\"https:\/\/proxeed.ch\/it\/informazioni-su-alfasigma\/#breadcrumb\"},\"inLanguage\":\"it-IT\",\"potentialAction\":[{\"@type\":\"ReadAction\",\"target\":[\"https:\/\/proxeed.ch\/it\/informazioni-su-alfasigma\/\"]}]},{\"@type\":\"BreadcrumbList\",\"@id\":\"https:\/\/proxeed.ch\/it\/informazioni-su-alfasigma\/#breadcrumb\",\"itemListElement\":[{\"@type\":\"ListItem\",\"position\":1,\"name\":\"Startseite\",\"item\":\"https:\/\/proxeed.ch\/home\/\"},{\"@type\":\"ListItem\",\"position\":2,\"name\":\"Informazioni su AlfaSigma\"}]},{\"@type\":\"WebSite\",\"@id\":\"https:\/\/proxeed.ch\/#website\",\"url\":\"https:\/\/proxeed.ch\/\",\"name\":\"Proxeed\",\"description\":\"\",\"potentialAction\":[{\"@type\":\"SearchAction\",\"target\":{\"@type\":\"EntryPoint\",\"urlTemplate\":\"https:\/\/proxeed.ch\/?s={search_term_string}\"},\"query-input\":{\"@type\":\"PropertyValueSpecification\",\"valueRequired\":true,\"valueName\":\"search_term_string\"}}],\"inLanguage\":\"it-IT\"}]}<\/script>\n<!-- \/ Yoast SEO plugin. -->","yoast_head_json":{"title":"Informazioni su AlfaSigma - Proxeed","robots":{"index":"index","follow":"follow","max-snippet":"max-snippet:-1","max-image-preview":"max-image-preview:large","max-video-preview":"max-video-preview:-1"},"og_locale":"it_IT","og_type":"article","og_title":"Informazioni su AlfaSigma - Proxeed","og_url":"https:\/\/proxeed.ch\/it\/informazioni-su-alfasigma\/","og_site_name":"Proxeed","article_modified_time":"2025-02-19T14:58:45+00:00","twitter_card":"summary_large_image","twitter_misc":{"Tempo di lettura stimato":"2 minuti"},"schema":{"@context":"https:\/\/schema.org","@graph":[{"@type":"WebPage","@id":"https:\/\/proxeed.ch\/it\/informazioni-su-alfasigma\/","url":"https:\/\/proxeed.ch\/it\/informazioni-su-alfasigma\/","name":"Informazioni su AlfaSigma - Proxeed","isPartOf":{"@id":"https:\/\/proxeed.ch\/#website"},"datePublished":"2019-09-09T16:06:06+00:00","dateModified":"2025-02-19T14:58:45+00:00","breadcrumb":{"@id":"https:\/\/proxeed.ch\/it\/informazioni-su-alfasigma\/#breadcrumb"},"inLanguage":"it-IT","potentialAction":[{"@type":"ReadAction","target":["https:\/\/proxeed.ch\/it\/informazioni-su-alfasigma\/"]}]},{"@type":"BreadcrumbList","@id":"https:\/\/proxeed.ch\/it\/informazioni-su-alfasigma\/#breadcrumb","itemListElement":[{"@type":"ListItem","position":1,"name":"Startseite","item":"https:\/\/proxeed.ch\/home\/"},{"@type":"ListItem","position":2,"name":"Informazioni su AlfaSigma"}]},{"@type":"WebSite","@id":"https:\/\/proxeed.ch\/#website","url":"https:\/\/proxeed.ch\/","name":"Proxeed","description":"","potentialAction":[{"@type":"SearchAction","target":{"@type":"EntryPoint","urlTemplate":"https:\/\/proxeed.ch\/?s={search_term_string}"},"query-input":{"@type":"PropertyValueSpecification","valueRequired":true,"valueName":"search_term_string"}}],"inLanguage":"it-IT"}]}},"_links":{"self":[{"href":"https:\/\/proxeed.ch\/it\/wp-json\/wp\/v2\/pages\/4817","targetHints":{"allow":["GET"]}}],"collection":[{"href":"https:\/\/proxeed.ch\/it\/wp-json\/wp\/v2\/pages"}],"about":[{"href":"https:\/\/proxeed.ch\/it\/wp-json\/wp\/v2\/types\/page"}],"author":[{"embeddable":true,"href":"https:\/\/proxeed.ch\/it\/wp-json\/wp\/v2\/users\/1"}],"replies":[{"embeddable":true,"href":"https:\/\/proxeed.ch\/it\/wp-json\/wp\/v2\/comments?post=4817"}],"version-history":[{"count":0,"href":"https:\/\/proxeed.ch\/it\/wp-json\/wp\/v2\/pages\/4817\/revisions"}],"wp:attachment":[{"href":"https:\/\/proxeed.ch\/it\/wp-json\/wp\/v2\/media?parent=4817"}],"curies":[{"name":"wp","href":"https:\/\/api.w.org\/{rel}","templated":true}]}}