{"id":4852,"date":"2019-09-09T18:06:21","date_gmt":"2019-09-09T16:06:21","guid":{"rendered":"http:\/\/neu.proxeed.ch\/calcolatore-della-fertilita\/"},"modified":"2025-03-20T10:22:55","modified_gmt":"2025-03-20T09:22:55","slug":"calcolatore-della-fertilita","status":"publish","type":"page","link":"https:\/\/proxeed.ch\/it\/calcolatore-della-fertilita\/","title":{"rendered":"Calcolatore della fertilit\u00e0"},"content":{"rendered":"<div id='layer_slider_1'  class='avia-layerslider main_color avia-shadow  avia-builder-el-0  el_before_av_heading  avia-builder-el-first  container_wrap fullsize'  style='height: 501px; max-width: 1280px; margin: 0 auto;'  ><\/div><div id='after_layer_slider_1'  class='main_color av_default_container_wrap container_wrap fullsize'  ><div class='container av-section-cont-open' ><div class='template-page content  av-content-full alpha units'><div class='post-entry post-entry-type-page post-entry-4852'><div class='entry-content-wrapper clearfix'>\n\n<style type=\"text\/css\" data-created_by=\"avia_inline_auto\" id=\"style-css-av-m4iozmp4-1d85270270e386f68504853748eb4f73\">\n#top .av-special-heading.av-m4iozmp4-1d85270270e386f68504853748eb4f73{\npadding-bottom:10px;\n}\nbody .av-special-heading.av-m4iozmp4-1d85270270e386f68504853748eb4f73 .av-special-heading-tag .heading-char{\nfont-size:25px;\n}\n.av-special-heading.av-m4iozmp4-1d85270270e386f68504853748eb4f73 .av-subheading{\nfont-size:15px;\n}\n<\/style>\n<div  class='av-special-heading av-m4iozmp4-1d85270270e386f68504853748eb4f73 av-special-heading-h1 blockquote modern-quote modern-centered  avia-builder-el-1  el_after_av_layerslider  el_before_av_textblock  avia-builder-el-first '><h1 class='av-special-heading-tag '  itemprop=\"headline\"  >Calcolatore della fertilit\u00e0<\/h1><div class=\"special-heading-border\"><div class=\"special-heading-inner-border\"><\/div><\/div><\/div>\n<section  class='av_textblock_section av-jx0ke2n1-a6786d5193e142528a4f8dea29e6d44f '   itemscope=\"itemscope\" itemtype=\"https:\/\/schema.org\/CreativeWork\" ><div class='avia_textblock women'  itemprop=\"text\" ><p>Diventare finalmente genitori! Riuscire a rimanere incinta dipende dal momento giusto perch\u00e9 nei giorni in prossimit\u00e0 dell&#8217;ovulazione le probabilit\u00e0 di concepimento sono particolarmente alte. Il calcolatore della fertilit\u00e0 mostra quando ha luogo l&#8217;ovulazione nel ciclo attuale.<\/p>\n<p><strong>Importante:<\/strong> ogni ciclo \u00e8 individuale. Il calcolatore della fertilit\u00e0 pu\u00f2 quindi offrire soltanto informazioni indicative. Il calcolatore non \u00e8 uno strumento da utilizzare a fini contraccettivi.<\/p>\n<h3>Come funziona il calcolatore della fertilit\u00e0<\/h3>\n<p>Il momento probabile dell&#8217;ovulazione e i giorni pi\u00f9 fertili vengono calcolati in base alla mestruazione. &nbsp;Registrate pertanto il primo giorno della mestruazione nel calcolatore della fertilit\u00e0. Inserite anche la durata media del ciclo, quindi il numero di giorni fra il primo giorno di una mestruazione e il primo giorno della mestruazione successiva. Se il ciclo \u00e8 molto irregolare, calcolate una media degli ultimi tre cicli.<\/p>\n<p>Poich\u00e9 nella maggior parte delle donne il ciclo varia di diversi giorni, il risultato del calcolatore della fertilit\u00e0 \u00e8 soltanto un valore orientativo.<\/p>\n<\/div><\/section>\n\n<style type=\"text\/css\" data-created_by=\"avia_inline_auto\" id=\"style-css-av-prav-6db28beff2ed8490657666f0f61a6708\">\n.flex_column.av-prav-6db28beff2ed8490657666f0f61a6708{\nborder-radius:0px 0px 0px 0px;\npadding:0px 0px 0px 0px;\n}\n<\/style>\n<div  class='flex_column av-prav-6db28beff2ed8490657666f0f61a6708 av_one_full  avia-builder-el-3  el_after_av_textblock  avia-builder-el-last  ovulation first flex_column_div av-zero-column-padding  column-top-margin'     ><\/div>\n","protected":false},"excerpt":{"rendered":"","protected":false},"author":1,"featured_media":0,"parent":0,"menu_order":0,"comment_status":"closed","ping_status":"closed","template":"","meta":{"footnotes":""},"class_list":["post-4852","page","type-page","status-publish","hentry"],"yoast_head":"<!-- This site is optimized with the Yoast SEO plugin v25.1 - https:\/\/yoast.com\/wordpress\/plugins\/seo\/ -->\n<title>Calcolatore della fertilit\u00e0 - Proxeed<\/title>\n<meta name=\"description\" content=\"Solo in pochi giorni del ciclo \u00e8 possibile la fecondazione dell&#039;ovulo. Con il calcolatore della fertilit\u00e0 scoprite i vostri giorni fertili.\" \/>\n<meta name=\"robots\" content=\"index, follow, max-snippet:-1, max-image-preview:large, max-video-preview:-1\" \/>\n<meta property=\"og:locale\" content=\"it_IT\" \/>\n<meta property=\"og:type\" content=\"article\" \/>\n<meta property=\"og:title\" content=\"Calcolatore della fertilit\u00e0 - Proxeed\" \/>\n<meta property=\"og:description\" content=\"Solo in pochi giorni del ciclo \u00e8 possibile la fecondazione dell&#039;ovulo. Con il calcolatore della fertilit\u00e0 scoprite i vostri giorni fertili.\" \/>\n<meta property=\"og:url\" content=\"https:\/\/proxeed.ch\/fruchtbarkeitsrechner\/\" \/>\n<meta property=\"og:site_name\" content=\"Proxeed\" \/>\n<meta property=\"article:modified_time\" content=\"2025-03-20T09:22:55+00:00\" \/>\n<meta name=\"twitter:card\" content=\"summary_large_image\" \/>\n<meta name=\"twitter:label1\" content=\"Tempo di lettura stimato\" \/>\n\t<meta name=\"twitter:data1\" content=\"2 minuti\" \/>\n<script type=\"application\/ld+json\" class=\"yoast-schema-graph\">{\"@context\":\"https:\/\/schema.org\",\"@graph\":[{\"@type\":\"WebPage\",\"@id\":\"https:\/\/proxeed.ch\/fruchtbarkeitsrechner\/\",\"url\":\"https:\/\/proxeed.ch\/fruchtbarkeitsrechner\/\",\"name\":\"Calcolatore della fertilit\u00e0 - Proxeed\",\"isPartOf\":{\"@id\":\"https:\/\/proxeed.ch\/#website\"},\"datePublished\":\"2019-09-09T16:06:21+00:00\",\"dateModified\":\"2025-03-20T09:22:55+00:00\",\"description\":\"Solo in pochi giorni del ciclo \u00e8 possibile la fecondazione dell'ovulo. Con il calcolatore della fertilit\u00e0 scoprite i vostri giorni fertili.\",\"breadcrumb\":{\"@id\":\"https:\/\/proxeed.ch\/fruchtbarkeitsrechner\/#breadcrumb\"},\"inLanguage\":\"it-IT\",\"potentialAction\":[{\"@type\":\"ReadAction\",\"target\":[\"https:\/\/proxeed.ch\/fruchtbarkeitsrechner\/\"]}]},{\"@type\":\"BreadcrumbList\",\"@id\":\"https:\/\/proxeed.ch\/fruchtbarkeitsrechner\/#breadcrumb\",\"itemListElement\":[{\"@type\":\"ListItem\",\"position\":1,\"name\":\"Startseite\",\"item\":\"https:\/\/proxeed.ch\/home\/\"},{\"@type\":\"ListItem\",\"position\":2,\"name\":\"Calcolatore della fertilit\u00e0\"}]},{\"@type\":\"WebSite\",\"@id\":\"https:\/\/proxeed.ch\/#website\",\"url\":\"https:\/\/proxeed.ch\/\",\"name\":\"Proxeed\",\"description\":\"\",\"potentialAction\":[{\"@type\":\"SearchAction\",\"target\":{\"@type\":\"EntryPoint\",\"urlTemplate\":\"https:\/\/proxeed.ch\/?s={search_term_string}\"},\"query-input\":{\"@type\":\"PropertyValueSpecification\",\"valueRequired\":true,\"valueName\":\"search_term_string\"}}],\"inLanguage\":\"it-IT\"}]}<\/script>\n<!-- \/ Yoast SEO plugin. -->","yoast_head_json":{"title":"Calcolatore della fertilit\u00e0 - Proxeed","description":"Solo in pochi giorni del ciclo \u00e8 possibile la fecondazione dell'ovulo. Con il calcolatore della fertilit\u00e0 scoprite i vostri giorni fertili.","robots":{"index":"index","follow":"follow","max-snippet":"max-snippet:-1","max-image-preview":"max-image-preview:large","max-video-preview":"max-video-preview:-1"},"og_locale":"it_IT","og_type":"article","og_title":"Calcolatore della fertilit\u00e0 - Proxeed","og_description":"Solo in pochi giorni del ciclo \u00e8 possibile la fecondazione dell'ovulo. Con il calcolatore della fertilit\u00e0 scoprite i vostri giorni fertili.","og_url":"https:\/\/proxeed.ch\/fruchtbarkeitsrechner\/","og_site_name":"Proxeed","article_modified_time":"2025-03-20T09:22:55+00:00","twitter_card":"summary_large_image","twitter_misc":{"Tempo di lettura stimato":"2 minuti"},"schema":{"@context":"https:\/\/schema.org","@graph":[{"@type":"WebPage","@id":"https:\/\/proxeed.ch\/fruchtbarkeitsrechner\/","url":"https:\/\/proxeed.ch\/fruchtbarkeitsrechner\/","name":"Calcolatore della fertilit\u00e0 - Proxeed","isPartOf":{"@id":"https:\/\/proxeed.ch\/#website"},"datePublished":"2019-09-09T16:06:21+00:00","dateModified":"2025-03-20T09:22:55+00:00","description":"Solo in pochi giorni del ciclo \u00e8 possibile la fecondazione dell'ovulo. Con il calcolatore della fertilit\u00e0 scoprite i vostri giorni fertili.","breadcrumb":{"@id":"https:\/\/proxeed.ch\/fruchtbarkeitsrechner\/#breadcrumb"},"inLanguage":"it-IT","potentialAction":[{"@type":"ReadAction","target":["https:\/\/proxeed.ch\/fruchtbarkeitsrechner\/"]}]},{"@type":"BreadcrumbList","@id":"https:\/\/proxeed.ch\/fruchtbarkeitsrechner\/#breadcrumb","itemListElement":[{"@type":"ListItem","position":1,"name":"Startseite","item":"https:\/\/proxeed.ch\/home\/"},{"@type":"ListItem","position":2,"name":"Calcolatore della fertilit\u00e0"}]},{"@type":"WebSite","@id":"https:\/\/proxeed.ch\/#website","url":"https:\/\/proxeed.ch\/","name":"Proxeed","description":"","potentialAction":[{"@type":"SearchAction","target":{"@type":"EntryPoint","urlTemplate":"https:\/\/proxeed.ch\/?s={search_term_string}"},"query-input":{"@type":"PropertyValueSpecification","valueRequired":true,"valueName":"search_term_string"}}],"inLanguage":"it-IT"}]}},"_links":{"self":[{"href":"https:\/\/proxeed.ch\/it\/wp-json\/wp\/v2\/pages\/4852","targetHints":{"allow":["GET"]}}],"collection":[{"href":"https:\/\/proxeed.ch\/it\/wp-json\/wp\/v2\/pages"}],"about":[{"href":"https:\/\/proxeed.ch\/it\/wp-json\/wp\/v2\/types\/page"}],"author":[{"embeddable":true,"href":"https:\/\/proxeed.ch\/it\/wp-json\/wp\/v2\/users\/1"}],"replies":[{"embeddable":true,"href":"https:\/\/proxeed.ch\/it\/wp-json\/wp\/v2\/comments?post=4852"}],"version-history":[{"count":0,"href":"https:\/\/proxeed.ch\/it\/wp-json\/wp\/v2\/pages\/4852\/revisions"}],"wp:attachment":[{"href":"https:\/\/proxeed.ch\/it\/wp-json\/wp\/v2\/media?parent=4852"}],"curies":[{"name":"wp","href":"https:\/\/api.w.org\/{rel}","templated":true}]}}